{"id":2798,"date":"2022-01-03T13:37:01","date_gmt":"2022-01-03T13:37:01","guid":{"rendered":"https:\/\/aikidojo.fr\/ajaccio\/?page_id=2798"},"modified":"2022-09-17T12:34:02","modified_gmt":"2022-09-17T12:34:02","slug":"grades-iwama-takemusu-aikido","status":"publish","type":"page","link":"https:\/\/aikidojo.fr\/ajaccio\/grades-iwama-takemusu-aikido","title":{"rendered":"Grades"},"content":{"rendered":"\n<p class=\"has-large-font-size\">Programme technique des grades Iwama Takemusu Aikido<\/p>\n\n\n\n<p>Voici le programme technique des grades Kyu et Dan du groupe Takemusu Aikido de l\u2019\u00e9cole Iwama Ryu ,<em>&nbsp;<\/em>\u00e9tabli par SAITO Morihiro Sensei lui-m\u00eame sur la demande de Daniel Toutain \u00e0 Iwama en Novembre 1999.<\/p>\n\n\n\n<div class=\"wp-block-image\"><figure class=\"aligncenter size-full\"><img loading=\"lazy\" decoding=\"async\" width=\"432\" height=\"572\" src=\"https:\/\/aikidojo.fr\/ajaccio\/wp-content\/uploads\/2013\/07\/kyu.gif\" alt=\"Programme des grades Kyu aikido Iwama Ryu\" class=\"wp-image-1115\"\/><\/figure><\/div>\n\n\n\n<h1 class=\"wp-block-heading\">Programme examen Dan<\/h1>\n\n\n\n<figure class=\"wp-block-gallery aligncenter columns-1 is-cropped wp-block-gallery-1 is-layout-flex wp-block-gallery-is-layout-flex\"><ul class=\"blocks-gallery-grid\"><li class=\"blocks-gallery-item\"><figure><img loading=\"lazy\" decoding=\"async\" width=\"580\" height=\"406\" src=\"https:\/\/aikidojo.fr\/ajaccio\/wp-content\/uploads\/2022\/09\/dan-aikidojo-ajaccio-580x406.jpg\" alt=\"dan Aikidojo ajaccio IWAMA TAKEMUSU AIKIDO\" data-id=\"2913\" data-full-url=\"https:\/\/aikidojo.fr\/ajaccio\/wp-content\/uploads\/2022\/09\/dan-aikidojo-ajaccio.jpg\" data-link=\"https:\/\/aikidojo.fr\/ajaccio\/dan-aikidojo-ajaccio\" class=\"wp-image-2913\" srcset=\"https:\/\/aikidojo.fr\/ajaccio\/wp-content\/uploads\/2022\/09\/dan-aikidojo-ajaccio-580x406.jpg 580w, https:\/\/aikidojo.fr\/ajaccio\/wp-content\/uploads\/2022\/09\/dan-aikidojo-ajaccio-300x210.jpg 300w, https:\/\/aikidojo.fr\/ajaccio\/wp-content\/uploads\/2022\/09\/dan-aikidojo-ajaccio-768x538.jpg 768w, https:\/\/aikidojo.fr\/ajaccio\/wp-content\/uploads\/2022\/09\/dan-aikidojo-ajaccio.jpg 1000w\" sizes=\"(max-width: 580px) 100vw, 580px\" \/><\/figure><\/li><\/ul><figcaption class=\"blocks-gallery-caption\">Dipl\u00f4me des examens dan bukiwaza et taijutsu de l&rsquo;aikidojo Ajaccio remis aux candidats &#8211; Ce sont des grades \u00e9cole pass\u00e9 au sein du dojo.<\/figcaption><\/figure>\n\n\n\n<h2 class=\"wp-block-heading\"><strong>D\u00e9roulement d&rsquo;un examen<\/strong><\/h2>\n\n\n\n<p>L&rsquo;examinateur se positionne comme pour le salut traditionnel. Le ou les candidats se positionnent sur une ligne entre l&rsquo;examinateur et les pratiquants, son uke derri\u00e8re lui. Le candidat et son uke ont leurs armes avec eux, positionn\u00e9es devant, lame du Ken tourn\u00e9e vers eux, la poign\u00e9e \u00e0 gauche. Les autres pratiquants du dojo se mettent en place comme pour le salut habituel.<\/p>\n\n\n\n<p>Le salut se d\u00e9roule de mani\u00e8re traditionnelle, puis les candidats posent leurs armes sur le cot\u00e9. En g\u00e9n\u00e9ral, on commence l&rsquo;examen par le bukiwaza. Le uke se met donc sur le cot\u00e9 en attendant son intervention. Le candidat suit les directives de l&rsquo;examinateur.<\/p>\n\n\n\n<p>Dans tous les cas, <span style=\"text-decoration: underline;\">le candidat ne parle pas<\/span>, ne pose pas de question. Les pratiquants spectateurs doivent se tenir en seiza, ou en tailleur. Aucune autre position ne sera tol\u00e9r\u00e9e. Si un pratiquant a des soucis de genoux, il sera sur une chaise ou un banc en dehors du tatami.<\/p>\n\n\n\n<p>A la fin de l&rsquo;examen, on reprend la position de salut, comme avant l&rsquo;examen. S&rsquo;en suit une pause, puis le r\u00e9sultat de l&rsquo;examen, suite \u00e0 un nouveau salut traditionnel. <\/p>\n\n\n\n<h2 class=\"wp-block-heading\"><strong>Shodan \u2013 1er dan<\/strong><\/h2>\n\n\n\n<p>Lors d\u2019une de ses visites au Japon, \u00e0 Iwama, Eric Savalli avait photographi\u00e9 le programme Shodan affich\u00e9 au dojo pour les deshi.<\/p>\n\n\n\n<div class=\"wp-block-image\"><figure class=\"aligncenter size-full\"><img loading=\"lazy\" decoding=\"async\" width=\"437\" height=\"576\" src=\"https:\/\/aikidojo.fr\/ajaccio\/wp-content\/uploads\/2013\/07\/aikidojo31.jpg\" alt=\"\" class=\"wp-image-1126\" srcset=\"https:\/\/aikidojo.fr\/ajaccio\/wp-content\/uploads\/2013\/07\/aikidojo31.jpg 437w, https:\/\/aikidojo.fr\/ajaccio\/wp-content\/uploads\/2013\/07\/aikidojo31-227x300.jpg 227w, https:\/\/aikidojo.fr\/ajaccio\/wp-content\/uploads\/2013\/07\/aikidojo31-113x150.jpg 113w, https:\/\/aikidojo.fr\/ajaccio\/wp-content\/uploads\/2013\/07\/aikidojo31-400x527.jpg 400w\" sizes=\"(max-width: 437px) 100vw, 437px\" \/><figcaption>Shodan Iwama Ryu Saito Morihiro<\/figcaption><\/figure><\/div>\n\n\n\n<div class=\"wp-block-image\"><figure class=\"aligncenter size-large\"><img loading=\"lazy\" decoding=\"async\" width=\"580\" height=\"330\" src=\"https:\/\/aikidojo.fr\/ajaccio\/wp-content\/uploads\/2022\/02\/271542716_4771910076218250_1411951176940217854_n-580x330.jpg\" alt=\"remise de dipl\u00f4me grade dan takemusu aikido iwama ryu\" class=\"wp-image-2836\" srcset=\"https:\/\/aikidojo.fr\/ajaccio\/wp-content\/uploads\/2022\/02\/271542716_4771910076218250_1411951176940217854_n-580x330.jpg 580w, https:\/\/aikidojo.fr\/ajaccio\/wp-content\/uploads\/2022\/02\/271542716_4771910076218250_1411951176940217854_n-300x171.jpg 300w, https:\/\/aikidojo.fr\/ajaccio\/wp-content\/uploads\/2022\/02\/271542716_4771910076218250_1411951176940217854_n-768x437.jpg 768w, https:\/\/aikidojo.fr\/ajaccio\/wp-content\/uploads\/2022\/02\/271542716_4771910076218250_1411951176940217854_n-1536x875.jpg 1536w, https:\/\/aikidojo.fr\/ajaccio\/wp-content\/uploads\/2022\/02\/271542716_4771910076218250_1411951176940217854_n.jpg 2048w\" sizes=\"(max-width: 580px) 100vw, 580px\" \/><figcaption>Remise de dipl\u00f4me grade dan au dojo<\/figcaption><\/figure><\/div>\n\n\n\n<div class=\"wp-block-image\"><figure class=\"aligncenter size-large\"><a href=\"https:\/\/aikidojo.fr\/ajaccio\/grades-aikido-iwama-ryu\/attachment\/shodan-taijutsu-2#main\"><img loading=\"lazy\" decoding=\"async\" width=\"580\" height=\"843\" src=\"https:\/\/aikidojo.fr\/ajaccio\/wp-content\/uploads\/2022\/09\/Shodan-taijutsu-580x843.jpg\" alt=\"\" class=\"wp-image-2917\" srcset=\"https:\/\/aikidojo.fr\/ajaccio\/wp-content\/uploads\/2022\/09\/Shodan-taijutsu-580x843.jpg 580w, https:\/\/aikidojo.fr\/ajaccio\/wp-content\/uploads\/2022\/09\/Shodan-taijutsu-206x300.jpg 206w, https:\/\/aikidojo.fr\/ajaccio\/wp-content\/uploads\/2022\/09\/Shodan-taijutsu-768x1116.jpg 768w, https:\/\/aikidojo.fr\/ajaccio\/wp-content\/uploads\/2022\/09\/Shodan-taijutsu-1057x1536.jpg 1057w, https:\/\/aikidojo.fr\/ajaccio\/wp-content\/uploads\/2022\/09\/Shodan-taijutsu-1409x2048.jpg 1409w, https:\/\/aikidojo.fr\/ajaccio\/wp-content\/uploads\/2022\/09\/Shodan-taijutsu-scaled.jpg 1762w\" sizes=\"(max-width: 580px) 100vw, 580px\" \/><\/a><\/figure><\/div>\n\n\n\n<div class=\"wp-block-image\"><figure class=\"aligncenter size-large\"><img loading=\"lazy\" decoding=\"async\" width=\"580\" height=\"843\" src=\"https:\/\/aikidojo.fr\/ajaccio\/wp-content\/uploads\/2022\/09\/Shodan-bukiwaza-580x843.jpg\" alt=\"\" class=\"wp-image-2919\" srcset=\"https:\/\/aikidojo.fr\/ajaccio\/wp-content\/uploads\/2022\/09\/Shodan-bukiwaza-580x843.jpg 580w, https:\/\/aikidojo.fr\/ajaccio\/wp-content\/uploads\/2022\/09\/Shodan-bukiwaza-206x300.jpg 206w, https:\/\/aikidojo.fr\/ajaccio\/wp-content\/uploads\/2022\/09\/Shodan-bukiwaza-768x1116.jpg 768w, https:\/\/aikidojo.fr\/ajaccio\/wp-content\/uploads\/2022\/09\/Shodan-bukiwaza-1057x1536.jpg 1057w, https:\/\/aikidojo.fr\/ajaccio\/wp-content\/uploads\/2022\/09\/Shodan-bukiwaza-1409x2048.jpg 1409w, https:\/\/aikidojo.fr\/ajaccio\/wp-content\/uploads\/2022\/09\/Shodan-bukiwaza-scaled.jpg 1762w\" sizes=\"(max-width: 580px) 100vw, 580px\" \/><\/figure><\/div>\n\n\n\n<h2 class=\"wp-block-heading\"><strong>Nidan \u2013 2\u00e8me dan<\/strong><\/h2>\n\n\n\n<figure class=\"wp-block-image size-large\"><a href=\"https:\/\/aikidojo.fr\/ajaccio\/wp-content\/uploads\/2022\/09\/nidan-taijutsu-scaled.jpg\" target=\"_blank\" rel=\"noopener\"><img loading=\"lazy\" decoding=\"async\" width=\"580\" height=\"843\" src=\"https:\/\/aikidojo.fr\/ajaccio\/wp-content\/uploads\/2022\/09\/nidan-taijutsu-580x843.jpg\" alt=\"\" class=\"wp-image-2920\" srcset=\"https:\/\/aikidojo.fr\/ajaccio\/wp-content\/uploads\/2022\/09\/nidan-taijutsu-580x843.jpg 580w, https:\/\/aikidojo.fr\/ajaccio\/wp-content\/uploads\/2022\/09\/nidan-taijutsu-206x300.jpg 206w, https:\/\/aikidojo.fr\/ajaccio\/wp-content\/uploads\/2022\/09\/nidan-taijutsu-768x1116.jpg 768w, https:\/\/aikidojo.fr\/ajaccio\/wp-content\/uploads\/2022\/09\/nidan-taijutsu-1057x1536.jpg 1057w, https:\/\/aikidojo.fr\/ajaccio\/wp-content\/uploads\/2022\/09\/nidan-taijutsu-1409x2048.jpg 1409w, https:\/\/aikidojo.fr\/ajaccio\/wp-content\/uploads\/2022\/09\/nidan-taijutsu-scaled.jpg 1762w\" sizes=\"(max-width: 580px) 100vw, 580px\" \/><\/a><\/figure>\n\n\n\n<div class=\"wp-block-image\"><figure class=\"aligncenter size-large\"><a href=\"https:\/\/aikidojo.fr\/ajaccio\/wp-content\/uploads\/2022\/09\/nidan-bukiwaza-scaled.jpg\" target=\"_blank\" rel=\"noopener\"><img loading=\"lazy\" decoding=\"async\" width=\"580\" height=\"843\" src=\"https:\/\/aikidojo.fr\/ajaccio\/wp-content\/uploads\/2022\/09\/nidan-bukiwaza-580x843.jpg\" alt=\"\" class=\"wp-image-2921\" srcset=\"https:\/\/aikidojo.fr\/ajaccio\/wp-content\/uploads\/2022\/09\/nidan-bukiwaza-580x843.jpg 580w, https:\/\/aikidojo.fr\/ajaccio\/wp-content\/uploads\/2022\/09\/nidan-bukiwaza-206x300.jpg 206w, https:\/\/aikidojo.fr\/ajaccio\/wp-content\/uploads\/2022\/09\/nidan-bukiwaza-768x1116.jpg 768w, https:\/\/aikidojo.fr\/ajaccio\/wp-content\/uploads\/2022\/09\/nidan-bukiwaza-1057x1536.jpg 1057w, https:\/\/aikidojo.fr\/ajaccio\/wp-content\/uploads\/2022\/09\/nidan-bukiwaza-1409x2048.jpg 1409w, https:\/\/aikidojo.fr\/ajaccio\/wp-content\/uploads\/2022\/09\/nidan-bukiwaza-scaled.jpg 1762w\" sizes=\"(max-width: 580px) 100vw, 580px\" \/><\/a><\/figure><\/div>\n\n\n\n<h2 class=\"wp-block-heading\"><strong>Sandan \u2013 3\u00e8me dan<\/strong><\/h2>\n\n\n\n<div class=\"wp-block-image\"><figure class=\"aligncenter size-large\"><img loading=\"lazy\" decoding=\"async\" width=\"580\" height=\"843\" src=\"https:\/\/aikidojo.fr\/ajaccio\/wp-content\/uploads\/2022\/09\/sandan-taijutsu-580x843.jpg\" alt=\"\" class=\"wp-image-2922\" srcset=\"https:\/\/aikidojo.fr\/ajaccio\/wp-content\/uploads\/2022\/09\/sandan-taijutsu-580x843.jpg 580w, https:\/\/aikidojo.fr\/ajaccio\/wp-content\/uploads\/2022\/09\/sandan-taijutsu-206x300.jpg 206w, https:\/\/aikidojo.fr\/ajaccio\/wp-content\/uploads\/2022\/09\/sandan-taijutsu-768x1116.jpg 768w, https:\/\/aikidojo.fr\/ajaccio\/wp-content\/uploads\/2022\/09\/sandan-taijutsu-1057x1536.jpg 1057w, https:\/\/aikidojo.fr\/ajaccio\/wp-content\/uploads\/2022\/09\/sandan-taijutsu-1409x2048.jpg 1409w, https:\/\/aikidojo.fr\/ajaccio\/wp-content\/uploads\/2022\/09\/sandan-taijutsu-scaled.jpg 1762w\" sizes=\"(max-width: 580px) 100vw, 580px\" \/><\/figure><\/div>\n\n\n\n<div class=\"wp-block-image\"><figure class=\"aligncenter size-large\"><img loading=\"lazy\" decoding=\"async\" width=\"580\" height=\"843\" src=\"https:\/\/aikidojo.fr\/ajaccio\/wp-content\/uploads\/2022\/09\/sandan-bukiwaza-580x843.jpg\" alt=\"\" class=\"wp-image-2923\" srcset=\"https:\/\/aikidojo.fr\/ajaccio\/wp-content\/uploads\/2022\/09\/sandan-bukiwaza-580x843.jpg 580w, https:\/\/aikidojo.fr\/ajaccio\/wp-content\/uploads\/2022\/09\/sandan-bukiwaza-206x300.jpg 206w, https:\/\/aikidojo.fr\/ajaccio\/wp-content\/uploads\/2022\/09\/sandan-bukiwaza-768x1116.jpg 768w, https:\/\/aikidojo.fr\/ajaccio\/wp-content\/uploads\/2022\/09\/sandan-bukiwaza-1057x1536.jpg 1057w, https:\/\/aikidojo.fr\/ajaccio\/wp-content\/uploads\/2022\/09\/sandan-bukiwaza-1409x2048.jpg 1409w, https:\/\/aikidojo.fr\/ajaccio\/wp-content\/uploads\/2022\/09\/sandan-bukiwaza-scaled.jpg 1762w\" sizes=\"(max-width: 580px) 100vw, 580px\" \/><\/figure><\/div>\n\n\n\n<h2 class=\"wp-block-heading\"><strong>Yondan \u2013 4\u00e8me dan<\/strong><\/h2>\n\n\n\n<div class=\"wp-block-image\"><figure class=\"aligncenter size-large\"><img loading=\"lazy\" decoding=\"async\" width=\"580\" height=\"838\" src=\"https:\/\/aikidojo.fr\/ajaccio\/wp-content\/uploads\/2022\/09\/yondan-taijutsu-580x838.jpg\" alt=\"\" class=\"wp-image-2924\" srcset=\"https:\/\/aikidojo.fr\/ajaccio\/wp-content\/uploads\/2022\/09\/yondan-taijutsu-580x838.jpg 580w, https:\/\/aikidojo.fr\/ajaccio\/wp-content\/uploads\/2022\/09\/yondan-taijutsu-208x300.jpg 208w, https:\/\/aikidojo.fr\/ajaccio\/wp-content\/uploads\/2022\/09\/yondan-taijutsu-768x1109.jpg 768w, https:\/\/aikidojo.fr\/ajaccio\/wp-content\/uploads\/2022\/09\/yondan-taijutsu-1064x1536.jpg 1064w, https:\/\/aikidojo.fr\/ajaccio\/wp-content\/uploads\/2022\/09\/yondan-taijutsu-1418x2048.jpg 1418w, https:\/\/aikidojo.fr\/ajaccio\/wp-content\/uploads\/2022\/09\/yondan-taijutsu-scaled.jpg 1773w\" sizes=\"(max-width: 580px) 100vw, 580px\" \/><\/figure><\/div>\n\n\n\n<div class=\"wp-block-image\"><figure class=\"aligncenter size-large\"><img loading=\"lazy\" decoding=\"async\" width=\"580\" height=\"843\" src=\"https:\/\/aikidojo.fr\/ajaccio\/wp-content\/uploads\/2022\/09\/yondan-bukiwaza-580x843.jpg\" alt=\"\" class=\"wp-image-2925\" srcset=\"https:\/\/aikidojo.fr\/ajaccio\/wp-content\/uploads\/2022\/09\/yondan-bukiwaza-580x843.jpg 580w, https:\/\/aikidojo.fr\/ajaccio\/wp-content\/uploads\/2022\/09\/yondan-bukiwaza-206x300.jpg 206w, https:\/\/aikidojo.fr\/ajaccio\/wp-content\/uploads\/2022\/09\/yondan-bukiwaza-768x1116.jpg 768w, https:\/\/aikidojo.fr\/ajaccio\/wp-content\/uploads\/2022\/09\/yondan-bukiwaza-1057x1536.jpg 1057w, https:\/\/aikidojo.fr\/ajaccio\/wp-content\/uploads\/2022\/09\/yondan-bukiwaza-1409x2048.jpg 1409w, https:\/\/aikidojo.fr\/ajaccio\/wp-content\/uploads\/2022\/09\/yondan-bukiwaza-scaled.jpg 1762w\" sizes=\"(max-width: 580px) 100vw, 580px\" \/><\/figure><\/div>\n\n\n\n<h2 class=\"wp-block-heading\"><strong>Godan \u2013 5\u00e8me dan<\/strong><\/h2>\n\n\n\n<div class=\"wp-block-image\"><figure class=\"aligncenter size-large\"><img loading=\"lazy\" decoding=\"async\" width=\"580\" height=\"843\" src=\"https:\/\/aikidojo.fr\/ajaccio\/wp-content\/uploads\/2022\/09\/godan-taijutsu-580x843.jpg\" alt=\"\" class=\"wp-image-2926\" srcset=\"https:\/\/aikidojo.fr\/ajaccio\/wp-content\/uploads\/2022\/09\/godan-taijutsu-580x843.jpg 580w, https:\/\/aikidojo.fr\/ajaccio\/wp-content\/uploads\/2022\/09\/godan-taijutsu-206x300.jpg 206w, https:\/\/aikidojo.fr\/ajaccio\/wp-content\/uploads\/2022\/09\/godan-taijutsu-768x1116.jpg 768w, https:\/\/aikidojo.fr\/ajaccio\/wp-content\/uploads\/2022\/09\/godan-taijutsu-1057x1536.jpg 1057w, https:\/\/aikidojo.fr\/ajaccio\/wp-content\/uploads\/2022\/09\/godan-taijutsu-1409x2048.jpg 1409w, https:\/\/aikidojo.fr\/ajaccio\/wp-content\/uploads\/2022\/09\/godan-taijutsu-scaled.jpg 1762w\" sizes=\"(max-width: 580px) 100vw, 580px\" \/><\/figure><\/div>\n\n\n\n<div class=\"wp-block-image\"><figure class=\"aligncenter size-large\"><img loading=\"lazy\" decoding=\"async\" width=\"580\" height=\"843\" src=\"https:\/\/aikidojo.fr\/ajaccio\/wp-content\/uploads\/2022\/09\/godan-bukiwaza-580x843.jpg\" alt=\"\" class=\"wp-image-2927\" srcset=\"https:\/\/aikidojo.fr\/ajaccio\/wp-content\/uploads\/2022\/09\/godan-bukiwaza-580x843.jpg 580w, https:\/\/aikidojo.fr\/ajaccio\/wp-content\/uploads\/2022\/09\/godan-bukiwaza-206x300.jpg 206w, https:\/\/aikidojo.fr\/ajaccio\/wp-content\/uploads\/2022\/09\/godan-bukiwaza-768x1116.jpg 768w, https:\/\/aikidojo.fr\/ajaccio\/wp-content\/uploads\/2022\/09\/godan-bukiwaza-1057x1536.jpg 1057w, https:\/\/aikidojo.fr\/ajaccio\/wp-content\/uploads\/2022\/09\/godan-bukiwaza-1409x2048.jpg 1409w, https:\/\/aikidojo.fr\/ajaccio\/wp-content\/uploads\/2022\/09\/godan-bukiwaza-scaled.jpg 1762w\" sizes=\"(max-width: 580px) 100vw, 580px\" \/><\/figure><\/div>\n","protected":false},"excerpt":{"rendered":"<p>Programme technique des grades Iwama Takemusu Aikido Voici le programme technique des grades Kyu et Dan du groupe Takemusu Aikido de l\u2019\u00e9cole Iwama Ryu ,&nbsp;\u00e9tabli par SAITO Morihiro Sensei lui-m\u00eame sur la demande de Daniel Toutain \u00e0 Iwama en Novembre 1999. Programme examen Dan D\u00e9roulement d&rsquo;un examen L&rsquo;examinateur se positionne comme pour le salut traditionnel. &#8230; <a title=\"Grades\" class=\"read-more\" href=\"https:\/\/aikidojo.fr\/ajaccio\/grades-iwama-takemusu-aikido\" aria-label=\"En savoir plus sur Grades\">Lire plus<\/a><\/p>\n","protected":false},"author":2,"featured_media":1126,"parent":0,"menu_order":10,"comment_status":"closed","ping_status":"closed","template":"","meta":{"footnotes":""},"class_list":{"0":"post-2798","1":"page","2":"type-page","3":"status-publish","4":"has-post-thumbnail","6":"infinite-scroll-item"},"yoast_head":"<!-- This site is optimized with the Yoast SEO plugin v23.4 - https:\/\/yoast.com\/wordpress\/plugins\/seo\/ -->\n<title>Grades - Cours d&#039;Aikido Fondamental \u00e0 Ajaccio<\/title>\n<meta name=\"robots\" content=\"index, follow, max-snippet:-1, max-image-preview:large, max-video-preview:-1\" \/>\n<link rel=\"canonical\" href=\"https:\/\/aikidojo.fr\/ajaccio\/grades-iwama-takemusu-aikido\" \/>\n<meta property=\"og:locale\" content=\"fr_FR\" \/>\n<meta property=\"og:type\" content=\"article\" \/>\n<meta property=\"og:title\" content=\"Grades - Cours d&#039;Aikido Fondamental \u00e0 Ajaccio\" \/>\n<meta property=\"og:description\" content=\"Programme technique des grades Iwama Takemusu Aikido Voici le programme technique des grades Kyu et Dan du groupe Takemusu Aikido de l\u2019\u00e9cole Iwama Ryu ,&nbsp;\u00e9tabli par SAITO Morihiro Sensei lui-m\u00eame sur la demande de Daniel Toutain \u00e0 Iwama en Novembre 1999. Programme examen Dan D\u00e9roulement d&rsquo;un examen L&rsquo;examinateur se positionne comme pour le salut traditionnel. ... Lire plus\" \/>\n<meta property=\"og:url\" content=\"https:\/\/aikidojo.fr\/ajaccio\/grades-iwama-takemusu-aikido\" \/>\n<meta property=\"og:site_name\" content=\"Cours d&#039;Aikido Fondamental \u00e0 Ajaccio\" \/>\n<meta property=\"article:publisher\" content=\"https:\/\/www.facebook.com\/aikidojoajaccio\" \/>\n<meta property=\"article:modified_time\" content=\"2022-09-17T12:34:02+00:00\" \/>\n<meta property=\"og:image\" content=\"https:\/\/aikidojo.fr\/ajaccio\/wp-content\/uploads\/2013\/07\/aikidojo31.jpg\" \/>\n\t<meta property=\"og:image:width\" content=\"437\" \/>\n\t<meta property=\"og:image:height\" content=\"576\" \/>\n\t<meta property=\"og:image:type\" content=\"image\/jpeg\" \/>\n<meta name=\"twitter:card\" content=\"summary_large_image\" \/>\n<meta name=\"twitter:label1\" content=\"Dur\u00e9e de lecture estim\u00e9e\" \/>\n\t<meta name=\"twitter:data1\" content=\"2 minutes\" \/>\n<script type=\"application\/ld+json\" class=\"yoast-schema-graph\">{\"@context\":\"https:\/\/schema.org\",\"@graph\":[{\"@type\":\"WebPage\",\"@id\":\"https:\/\/aikidojo.fr\/ajaccio\/grades-iwama-takemusu-aikido\",\"url\":\"https:\/\/aikidojo.fr\/ajaccio\/grades-iwama-takemusu-aikido\",\"name\":\"Grades - Cours d&#039;Aikido Fondamental \u00e0 Ajaccio\",\"isPartOf\":{\"@id\":\"https:\/\/aikidojo.fr\/ajaccio\/#website\"},\"primaryImageOfPage\":{\"@id\":\"https:\/\/aikidojo.fr\/ajaccio\/grades-iwama-takemusu-aikido#primaryimage\"},\"image\":{\"@id\":\"https:\/\/aikidojo.fr\/ajaccio\/grades-iwama-takemusu-aikido#primaryimage\"},\"thumbnailUrl\":\"https:\/\/aikidojo.fr\/ajaccio\/wp-content\/uploads\/2013\/07\/aikidojo31.jpg\",\"datePublished\":\"2022-01-03T13:37:01+00:00\",\"dateModified\":\"2022-09-17T12:34:02+00:00\",\"breadcrumb\":{\"@id\":\"https:\/\/aikidojo.fr\/ajaccio\/grades-iwama-takemusu-aikido#breadcrumb\"},\"inLanguage\":\"fr-FR\",\"potentialAction\":[{\"@type\":\"ReadAction\",\"target\":[\"https:\/\/aikidojo.fr\/ajaccio\/grades-iwama-takemusu-aikido\"]}]},{\"@type\":\"ImageObject\",\"inLanguage\":\"fr-FR\",\"@id\":\"https:\/\/aikidojo.fr\/ajaccio\/grades-iwama-takemusu-aikido#primaryimage\",\"url\":\"https:\/\/aikidojo.fr\/ajaccio\/wp-content\/uploads\/2013\/07\/aikidojo31.jpg\",\"contentUrl\":\"https:\/\/aikidojo.fr\/ajaccio\/wp-content\/uploads\/2013\/07\/aikidojo31.jpg\",\"width\":437,\"height\":576,\"caption\":\"Shodan Iwama Ryu Saito Morihiro\"},{\"@type\":\"BreadcrumbList\",\"@id\":\"https:\/\/aikidojo.fr\/ajaccio\/grades-iwama-takemusu-aikido#breadcrumb\",\"itemListElement\":[{\"@type\":\"ListItem\",\"position\":1,\"name\":\"Home\",\"item\":\"https:\/\/aikidojo.fr\/ajaccio\/\"},{\"@type\":\"ListItem\",\"position\":2,\"name\":\"Grades\"}]},{\"@type\":\"WebSite\",\"@id\":\"https:\/\/aikidojo.fr\/ajaccio\/#website\",\"url\":\"https:\/\/aikidojo.fr\/ajaccio\/\",\"name\":\"Aikido Fondamental \u00e0 Ajaccio\",\"description\":\"FAA Corse\",\"publisher\":{\"@id\":\"https:\/\/aikidojo.fr\/ajaccio\/#organization\"},\"potentialAction\":[{\"@type\":\"SearchAction\",\"target\":{\"@type\":\"EntryPoint\",\"urlTemplate\":\"https:\/\/aikidojo.fr\/ajaccio\/?s={search_term_string}\"},\"query-input\":{\"@type\":\"PropertyValueSpecification\",\"valueRequired\":true,\"valueName\":\"search_term_string\"}}],\"inLanguage\":\"fr-FR\"},{\"@type\":\"Organization\",\"@id\":\"https:\/\/aikidojo.fr\/ajaccio\/#organization\",\"name\":\"AIki Dojo Ajaccio\",\"url\":\"https:\/\/aikidojo.fr\/ajaccio\/\",\"logo\":{\"@type\":\"ImageObject\",\"inLanguage\":\"fr-FR\",\"@id\":\"https:\/\/aikidojo.fr\/ajaccio\/#\/schema\/logo\/image\/\",\"url\":\"https:\/\/aikidojo.fr\/ajaccio\/wp-content\/uploads\/2011\/07\/kamon_aikidojo_ajaccio.jpg\",\"contentUrl\":\"https:\/\/aikidojo.fr\/ajaccio\/wp-content\/uploads\/2011\/07\/kamon_aikidojo_ajaccio.jpg\",\"width\":150,\"height\":150,\"caption\":\"AIki Dojo Ajaccio\"},\"image\":{\"@id\":\"https:\/\/aikidojo.fr\/ajaccio\/#\/schema\/logo\/image\/\"},\"sameAs\":[\"https:\/\/www.facebook.com\/aikidojoajaccio\"]}]}<\/script>\n<!-- \/ Yoast SEO plugin. -->","yoast_head_json":{"title":"Grades - Cours d&#039;Aikido Fondamental \u00e0 Ajaccio","robots":{"index":"index","follow":"follow","max-snippet":"max-snippet:-1","max-image-preview":"max-image-preview:large","max-video-preview":"max-video-preview:-1"},"canonical":"https:\/\/aikidojo.fr\/ajaccio\/grades-iwama-takemusu-aikido","og_locale":"fr_FR","og_type":"article","og_title":"Grades - Cours d&#039;Aikido Fondamental \u00e0 Ajaccio","og_description":"Programme technique des grades Iwama Takemusu Aikido Voici le programme technique des grades Kyu et Dan du groupe Takemusu Aikido de l\u2019\u00e9cole Iwama Ryu ,&nbsp;\u00e9tabli par SAITO Morihiro Sensei lui-m\u00eame sur la demande de Daniel Toutain \u00e0 Iwama en Novembre 1999. Programme examen Dan D\u00e9roulement d&rsquo;un examen L&rsquo;examinateur se positionne comme pour le salut traditionnel. ... Lire plus","og_url":"https:\/\/aikidojo.fr\/ajaccio\/grades-iwama-takemusu-aikido","og_site_name":"Cours d&#039;Aikido Fondamental \u00e0 Ajaccio","article_publisher":"https:\/\/www.facebook.com\/aikidojoajaccio","article_modified_time":"2022-09-17T12:34:02+00:00","og_image":[{"width":437,"height":576,"url":"https:\/\/aikidojo.fr\/ajaccio\/wp-content\/uploads\/2013\/07\/aikidojo31.jpg","type":"image\/jpeg"}],"twitter_card":"summary_large_image","twitter_misc":{"Dur\u00e9e de lecture estim\u00e9e":"2 minutes"},"schema":{"@context":"https:\/\/schema.org","@graph":[{"@type":"WebPage","@id":"https:\/\/aikidojo.fr\/ajaccio\/grades-iwama-takemusu-aikido","url":"https:\/\/aikidojo.fr\/ajaccio\/grades-iwama-takemusu-aikido","name":"Grades - Cours d&#039;Aikido Fondamental \u00e0 Ajaccio","isPartOf":{"@id":"https:\/\/aikidojo.fr\/ajaccio\/#website"},"primaryImageOfPage":{"@id":"https:\/\/aikidojo.fr\/ajaccio\/grades-iwama-takemusu-aikido#primaryimage"},"image":{"@id":"https:\/\/aikidojo.fr\/ajaccio\/grades-iwama-takemusu-aikido#primaryimage"},"thumbnailUrl":"https:\/\/aikidojo.fr\/ajaccio\/wp-content\/uploads\/2013\/07\/aikidojo31.jpg","datePublished":"2022-01-03T13:37:01+00:00","dateModified":"2022-09-17T12:34:02+00:00","breadcrumb":{"@id":"https:\/\/aikidojo.fr\/ajaccio\/grades-iwama-takemusu-aikido#breadcrumb"},"inLanguage":"fr-FR","potentialAction":[{"@type":"ReadAction","target":["https:\/\/aikidojo.fr\/ajaccio\/grades-iwama-takemusu-aikido"]}]},{"@type":"ImageObject","inLanguage":"fr-FR","@id":"https:\/\/aikidojo.fr\/ajaccio\/grades-iwama-takemusu-aikido#primaryimage","url":"https:\/\/aikidojo.fr\/ajaccio\/wp-content\/uploads\/2013\/07\/aikidojo31.jpg","contentUrl":"https:\/\/aikidojo.fr\/ajaccio\/wp-content\/uploads\/2013\/07\/aikidojo31.jpg","width":437,"height":576,"caption":"Shodan Iwama Ryu Saito Morihiro"},{"@type":"BreadcrumbList","@id":"https:\/\/aikidojo.fr\/ajaccio\/grades-iwama-takemusu-aikido#breadcrumb","itemListElement":[{"@type":"ListItem","position":1,"name":"Home","item":"https:\/\/aikidojo.fr\/ajaccio\/"},{"@type":"ListItem","position":2,"name":"Grades"}]},{"@type":"WebSite","@id":"https:\/\/aikidojo.fr\/ajaccio\/#website","url":"https:\/\/aikidojo.fr\/ajaccio\/","name":"Aikido Fondamental \u00e0 Ajaccio","description":"FAA Corse","publisher":{"@id":"https:\/\/aikidojo.fr\/ajaccio\/#organization"},"potentialAction":[{"@type":"SearchAction","target":{"@type":"EntryPoint","urlTemplate":"https:\/\/aikidojo.fr\/ajaccio\/?s={search_term_string}"},"query-input":{"@type":"PropertyValueSpecification","valueRequired":true,"valueName":"search_term_string"}}],"inLanguage":"fr-FR"},{"@type":"Organization","@id":"https:\/\/aikidojo.fr\/ajaccio\/#organization","name":"AIki Dojo Ajaccio","url":"https:\/\/aikidojo.fr\/ajaccio\/","logo":{"@type":"ImageObject","inLanguage":"fr-FR","@id":"https:\/\/aikidojo.fr\/ajaccio\/#\/schema\/logo\/image\/","url":"https:\/\/aikidojo.fr\/ajaccio\/wp-content\/uploads\/2011\/07\/kamon_aikidojo_ajaccio.jpg","contentUrl":"https:\/\/aikidojo.fr\/ajaccio\/wp-content\/uploads\/2011\/07\/kamon_aikidojo_ajaccio.jpg","width":150,"height":150,"caption":"AIki Dojo Ajaccio"},"image":{"@id":"https:\/\/aikidojo.fr\/ajaccio\/#\/schema\/logo\/image\/"},"sameAs":["https:\/\/www.facebook.com\/aikidojoajaccio"]}]}},"_links":{"self":[{"href":"https:\/\/aikidojo.fr\/ajaccio\/wp-json\/wp\/v2\/pages\/2798"}],"collection":[{"href":"https:\/\/aikidojo.fr\/ajaccio\/wp-json\/wp\/v2\/pages"}],"about":[{"href":"https:\/\/aikidojo.fr\/ajaccio\/wp-json\/wp\/v2\/types\/page"}],"author":[{"embeddable":true,"href":"https:\/\/aikidojo.fr\/ajaccio\/wp-json\/wp\/v2\/users\/2"}],"replies":[{"embeddable":true,"href":"https:\/\/aikidojo.fr\/ajaccio\/wp-json\/wp\/v2\/comments?post=2798"}],"version-history":[{"count":6,"href":"https:\/\/aikidojo.fr\/ajaccio\/wp-json\/wp\/v2\/pages\/2798\/revisions"}],"predecessor-version":[{"id":2929,"href":"https:\/\/aikidojo.fr\/ajaccio\/wp-json\/wp\/v2\/pages\/2798\/revisions\/2929"}],"wp:featuredmedia":[{"embeddable":true,"href":"https:\/\/aikidojo.fr\/ajaccio\/wp-json\/wp\/v2\/media\/1126"}],"wp:attachment":[{"href":"https:\/\/aikidojo.fr\/ajaccio\/wp-json\/wp\/v2\/media?parent=2798"}],"curies":[{"name":"wp","href":"https:\/\/api.w.org\/{rel}","templated":true}]}}