{"id":6,"date":"2011-07-30T10:20:31","date_gmt":"2011-07-30T10:20:31","guid":{"rendered":"https:\/\/aikidojo.fr\/ajaccio\/?page_id=6"},"modified":"2025-11-17T21:45:55","modified_gmt":"2025-11-17T21:45:55","slug":"dojo-aikido-ajaccio-corse","status":"publish","type":"page","link":"https:\/\/aikidojo.fr\/ajaccio\/dojo-aikido-ajaccio-corse","title":{"rendered":"Dojo"},"content":{"rendered":"<p style=\"text-align: justify;\">Votre dojo d&rsquo;aikido se situe<a href=\"https:\/\/goo.gl\/maps\/top2nibnevWbeqPv8\" target=\"_blank\" rel=\"noopener\"> aux Hauts de Bodiccione<\/a> . Que vous soyez pratiquant de passage ou r\u00e9sident, vous serez toujours le bienvenue pour pratiquer avec nous dans la rigueur et la bonne humeur. Notre dojo a une surface de tatami de 60 m<sup>2<\/sup>.<\/p>\n<p style=\"text-align: justify;\">Nous vous accueillons tous les lundi et jeudi de 19h \u00e0 21h.\u00a0<\/p>\n<p style=\"text-align: justify;\">Nous pouvons vous accueillir pour des stages intensifs et immersifs, dits uchi deshi. Vous trouverez tous les d\u00e9tails sur les pages <a href=\"https:\/\/aikidojo.fr\/ajaccio\/cours-aikido-ajaccio-corse\" target=\"_blank\" rel=\"noopener noreferrer\">cours<\/a> et <a href=\"https:\/\/aikidojo.fr\/ajaccio\/stages-aikido-corse-ajaccio\" target=\"_blank\" rel=\"noopener\">stages<\/a><\/p>\n<p>Vous pouvez \u00e9galement louer le dojo pour des stages priv\u00e9s de votre discipline. Nous contacter par <a href=\"https:\/\/aikidojo.fr\/ajaccio\/contact-aikido-ajaccio\" target=\"_blank\" rel=\"noopener\">t\u00e9l\u00e9phone<\/a> ou <a href=\"https:\/\/aikidojo.fr\/ajaccio\/contact-aikido-ajaccio\" target=\"_blank\" rel=\"noopener\">email<\/a>\u00a0<\/p>\n\n<div class=\"wp-block-image\">\n<figure class=\"aligncenter\"><img loading=\"lazy\" decoding=\"async\" width=\"580\" height=\"386\" src=\"https:\/\/aikidojo.fr\/ajaccio\/wp-content\/uploads\/2023\/09\/dojo_aikidojo_ajaccio_01_\u00a9_Stef-Bravin-580x386.jpg\" alt=\"Dojo Ajaccio corse\" class=\"wp-image-3156\" srcset=\"https:\/\/aikidojo.fr\/ajaccio\/wp-content\/uploads\/2023\/09\/dojo_aikidojo_ajaccio_01_\u00a9_Stef-Bravin-580x386.jpg 580w, https:\/\/aikidojo.fr\/ajaccio\/wp-content\/uploads\/2023\/09\/dojo_aikidojo_ajaccio_01_\u00a9_Stef-Bravin-300x200.jpg 300w, https:\/\/aikidojo.fr\/ajaccio\/wp-content\/uploads\/2023\/09\/dojo_aikidojo_ajaccio_01_\u00a9_Stef-Bravin-768x511.jpg 768w, https:\/\/aikidojo.fr\/ajaccio\/wp-content\/uploads\/2023\/09\/dojo_aikidojo_ajaccio_01_\u00a9_Stef-Bravin-1536x1022.jpg 1536w, https:\/\/aikidojo.fr\/ajaccio\/wp-content\/uploads\/2023\/09\/dojo_aikidojo_ajaccio_01_\u00a9_Stef-Bravin.jpg 1900w\" sizes=\"(max-width: 580px) 100vw, 580px\" \/><\/figure><\/div>\n\n\n<p>L&rsquo;AIKIDOJO est dot\u00e9 d&rsquo;une biblioth\u00e8que \u00e0 disposition des pratiquants, contenant les livres de Saito Morihiro Sensei de 1973 et ceux des ann\u00e9es 90, des magazines d&rsquo;arts martiaux, ainsi que d&rsquo;autres livres traitant d&rsquo;aikido, iaido, battodo et mangas. <\/p>\n\n\n\n<figure class=\"wp-block-gallery has-nested-images columns-default is-cropped wp-block-gallery-1 is-layout-flex wp-block-gallery-is-layout-flex\">\n<figure class=\"wp-block-image size-full\"><a href=\"https:\/\/aikidojo.fr\/ajaccio\/dojo-aikido-ajaccio-corse\/attachment\/aikidojo_ajaccio_bibliotheque_01__stef-bravin#main\"><img loading=\"lazy\" decoding=\"async\" width=\"1900\" height=\"1264\" data-id=\"3153\" src=\"https:\/\/aikidojo.fr\/ajaccio\/wp-content\/uploads\/2023\/09\/aikidojo_ajaccio_bibliotheque_01_\u00a9_Stef-Bravin.jpg\" alt=\"\" class=\"wp-image-3153\" srcset=\"https:\/\/aikidojo.fr\/ajaccio\/wp-content\/uploads\/2023\/09\/aikidojo_ajaccio_bibliotheque_01_\u00a9_Stef-Bravin.jpg 1900w, https:\/\/aikidojo.fr\/ajaccio\/wp-content\/uploads\/2023\/09\/aikidojo_ajaccio_bibliotheque_01_\u00a9_Stef-Bravin-300x200.jpg 300w, https:\/\/aikidojo.fr\/ajaccio\/wp-content\/uploads\/2023\/09\/aikidojo_ajaccio_bibliotheque_01_\u00a9_Stef-Bravin-580x386.jpg 580w, https:\/\/aikidojo.fr\/ajaccio\/wp-content\/uploads\/2023\/09\/aikidojo_ajaccio_bibliotheque_01_\u00a9_Stef-Bravin-768x511.jpg 768w, https:\/\/aikidojo.fr\/ajaccio\/wp-content\/uploads\/2023\/09\/aikidojo_ajaccio_bibliotheque_01_\u00a9_Stef-Bravin-1536x1022.jpg 1536w\" sizes=\"(max-width: 1900px) 100vw, 1900px\" \/><\/a><\/figure>\n\n\n\n<figure class=\"wp-block-image size-full\"><a href=\"https:\/\/aikidojo.fr\/ajaccio\/dojo-aikido-ajaccio-corse\/attachment\/aikidojo_ajaccio_bibliotheque_02__stef-bravin#main\"><img loading=\"lazy\" decoding=\"async\" width=\"1900\" height=\"1264\" data-id=\"3154\" src=\"https:\/\/aikidojo.fr\/ajaccio\/wp-content\/uploads\/2023\/09\/aikidojo_ajaccio_bibliotheque_02_\u00a9_Stef-Bravin.jpg\" alt=\"\" class=\"wp-image-3154\" srcset=\"https:\/\/aikidojo.fr\/ajaccio\/wp-content\/uploads\/2023\/09\/aikidojo_ajaccio_bibliotheque_02_\u00a9_Stef-Bravin.jpg 1900w, https:\/\/aikidojo.fr\/ajaccio\/wp-content\/uploads\/2023\/09\/aikidojo_ajaccio_bibliotheque_02_\u00a9_Stef-Bravin-300x200.jpg 300w, https:\/\/aikidojo.fr\/ajaccio\/wp-content\/uploads\/2023\/09\/aikidojo_ajaccio_bibliotheque_02_\u00a9_Stef-Bravin-580x386.jpg 580w, https:\/\/aikidojo.fr\/ajaccio\/wp-content\/uploads\/2023\/09\/aikidojo_ajaccio_bibliotheque_02_\u00a9_Stef-Bravin-768x511.jpg 768w, https:\/\/aikidojo.fr\/ajaccio\/wp-content\/uploads\/2023\/09\/aikidojo_ajaccio_bibliotheque_02_\u00a9_Stef-Bravin-1536x1022.jpg 1536w\" sizes=\"(max-width: 1900px) 100vw, 1900px\" \/><\/a><\/figure>\n<figcaption class=\"blocks-gallery-caption wp-element-caption\"><em>la biblioth\u00e8que contient des livres anciens de Saito Sensei<\/em><\/figcaption><\/figure>\n\n\n\n<figure class=\"wp-block-gallery aligncenter has-nested-images columns-default is-cropped wp-block-gallery-2 is-layout-flex wp-block-gallery-is-layout-flex\">\n<figure class=\"wp-block-image size-large\"><a href=\"https:\/\/aikidojo.fr\/ajaccio\/dojo-aikido-ajaccio-corse\/attachment\/dojo_aikidojo_ajaccio_02__stef-bravin#main\" target=\"_blank\" rel=\"noopener\"><img loading=\"lazy\" decoding=\"async\" width=\"580\" height=\"386\" data-id=\"3158\" src=\"https:\/\/aikidojo.fr\/ajaccio\/wp-content\/uploads\/2023\/09\/dojo_aikidojo_ajaccio_02_\u00a9_Stef-Bravin-580x386.jpg\" alt=\"\" class=\"wp-image-3158\" srcset=\"https:\/\/aikidojo.fr\/ajaccio\/wp-content\/uploads\/2023\/09\/dojo_aikidojo_ajaccio_02_\u00a9_Stef-Bravin-580x386.jpg 580w, https:\/\/aikidojo.fr\/ajaccio\/wp-content\/uploads\/2023\/09\/dojo_aikidojo_ajaccio_02_\u00a9_Stef-Bravin-300x200.jpg 300w, https:\/\/aikidojo.fr\/ajaccio\/wp-content\/uploads\/2023\/09\/dojo_aikidojo_ajaccio_02_\u00a9_Stef-Bravin-768x511.jpg 768w, https:\/\/aikidojo.fr\/ajaccio\/wp-content\/uploads\/2023\/09\/dojo_aikidojo_ajaccio_02_\u00a9_Stef-Bravin-1536x1022.jpg 1536w, https:\/\/aikidojo.fr\/ajaccio\/wp-content\/uploads\/2023\/09\/dojo_aikidojo_ajaccio_02_\u00a9_Stef-Bravin.jpg 1900w\" sizes=\"(max-width: 580px) 100vw, 580px\" \/><\/a><\/figure>\n\n\n\n<figure class=\"wp-block-image size-large\"><a href=\"https:\/\/aikidojo.fr\/ajaccio\/dojo-aikido-ajaccio-corse\/attachment\/kamisama_aikidojo-ajaccio_03__stef-bravin_01#main\" target=\"_blank\" rel=\"noopener\"><img loading=\"lazy\" decoding=\"async\" width=\"580\" height=\"386\" data-id=\"3159\" src=\"https:\/\/aikidojo.fr\/ajaccio\/wp-content\/uploads\/2023\/09\/kamisama_aikidojo-ajaccio_03_\u00a9_Stef-Bravin_01-580x386.jpg\" alt=\"\" class=\"wp-image-3159\" srcset=\"https:\/\/aikidojo.fr\/ajaccio\/wp-content\/uploads\/2023\/09\/kamisama_aikidojo-ajaccio_03_\u00a9_Stef-Bravin_01-580x386.jpg 580w, https:\/\/aikidojo.fr\/ajaccio\/wp-content\/uploads\/2023\/09\/kamisama_aikidojo-ajaccio_03_\u00a9_Stef-Bravin_01-300x200.jpg 300w, https:\/\/aikidojo.fr\/ajaccio\/wp-content\/uploads\/2023\/09\/kamisama_aikidojo-ajaccio_03_\u00a9_Stef-Bravin_01-768x511.jpg 768w, https:\/\/aikidojo.fr\/ajaccio\/wp-content\/uploads\/2023\/09\/kamisama_aikidojo-ajaccio_03_\u00a9_Stef-Bravin_01-1536x1022.jpg 1536w, https:\/\/aikidojo.fr\/ajaccio\/wp-content\/uploads\/2023\/09\/kamisama_aikidojo-ajaccio_03_\u00a9_Stef-Bravin_01.jpg 1900w\" sizes=\"(max-width: 580px) 100vw, 580px\" \/><\/a><\/figure>\n<figcaption class=\"blocks-gallery-caption wp-element-caption\"><em>espace de travail de 60m<sup>2<\/sup> et kamisama<\/em><\/figcaption><\/figure>\n\n\n<div class=\"wp-block-image\">\n<figure class=\"aligncenter size-large\"><img loading=\"lazy\" decoding=\"async\" width=\"580\" height=\"399\" src=\"https:\/\/aikidojo.fr\/ajaccio\/wp-content\/uploads\/2024\/09\/instructeurs_arts_martiaux_ajaccio-580x399.jpg\" alt=\"instructeurs arts martiaux Ajaccio corse\" class=\"wp-image-3343\" srcset=\"https:\/\/aikidojo.fr\/ajaccio\/wp-content\/uploads\/2024\/09\/instructeurs_arts_martiaux_ajaccio-580x399.jpg 580w, https:\/\/aikidojo.fr\/ajaccio\/wp-content\/uploads\/2024\/09\/instructeurs_arts_martiaux_ajaccio-300x206.jpg 300w, https:\/\/aikidojo.fr\/ajaccio\/wp-content\/uploads\/2024\/09\/instructeurs_arts_martiaux_ajaccio-768x528.jpg 768w, https:\/\/aikidojo.fr\/ajaccio\/wp-content\/uploads\/2024\/09\/instructeurs_arts_martiaux_ajaccio.jpg 900w\" sizes=\"(max-width: 580px) 100vw, 580px\" \/><figcaption class=\"wp-element-caption\"><em>Ange Marie &#8211; 2 dan et St\u00e9phane &#8211; 5 dan<\/em><\/figcaption><\/figure><\/div>","protected":false},"excerpt":{"rendered":"<p>Votre dojo d&rsquo;aikido se situe aux Hauts de Bodiccione . Que vous soyez pratiquant de passage ou r\u00e9sident, vous serez toujours le bienvenue pour pratiquer avec nous dans la rigueur et la bonne humeur. Notre dojo a une surface de tatami de 60 m2. Nous vous accueillons tous les lundi et jeudi de 19h \u00e0 &#8230; <a title=\"Dojo\" class=\"read-more\" href=\"https:\/\/aikidojo.fr\/ajaccio\/dojo-aikido-ajaccio-corse\" aria-label=\"En savoir plus sur Dojo\">Lire plus<\/a><\/p>\n","protected":false},"author":1,"featured_media":3156,"parent":0,"menu_order":40,"comment_status":"open","ping_status":"closed","template":"","meta":{"footnotes":""},"class_list":{"0":"post-6","1":"page","2":"type-page","3":"status-publish","4":"has-post-thumbnail","6":"infinite-scroll-item"},"yoast_head":"<!-- This site is optimized with the Yoast SEO plugin v23.4 - https:\/\/yoast.com\/wordpress\/plugins\/seo\/ -->\n<title>Dojo - Cours d&#039;Aikido Fondamental \u00e0 Ajaccio<\/title>\n<meta name=\"robots\" content=\"index, follow, max-snippet:-1, max-image-preview:large, max-video-preview:-1\" \/>\n<link rel=\"canonical\" href=\"https:\/\/aikidojo.fr\/ajaccio\/dojo-aikido-ajaccio-corse\" \/>\n<meta property=\"og:locale\" content=\"fr_FR\" \/>\n<meta property=\"og:type\" content=\"article\" \/>\n<meta property=\"og:title\" content=\"Dojo - Cours d&#039;Aikido Fondamental \u00e0 Ajaccio\" \/>\n<meta property=\"og:description\" content=\"Votre dojo d&rsquo;aikido se situe aux Hauts de Bodiccione . Que vous soyez pratiquant de passage ou r\u00e9sident, vous serez toujours le bienvenue pour pratiquer avec nous dans la rigueur et la bonne humeur. Notre dojo a une surface de tatami de 60 m2. Nous vous accueillons tous les lundi et jeudi de 19h \u00e0 ... Lire plus\" \/>\n<meta property=\"og:url\" content=\"https:\/\/aikidojo.fr\/ajaccio\/dojo-aikido-ajaccio-corse\" \/>\n<meta property=\"og:site_name\" content=\"Cours d&#039;Aikido Fondamental \u00e0 Ajaccio\" \/>\n<meta property=\"article:publisher\" content=\"https:\/\/www.facebook.com\/aikidojoajaccio\" \/>\n<meta property=\"article:modified_time\" content=\"2025-11-17T21:45:55+00:00\" \/>\n<meta property=\"og:image\" content=\"https:\/\/aikidojo.fr\/ajaccio\/wp-content\/uploads\/2023\/09\/dojo_aikidojo_ajaccio_01_\u00a9_Stef-Bravin.jpg\" \/>\n\t<meta property=\"og:image:width\" content=\"1900\" \/>\n\t<meta property=\"og:image:height\" content=\"1264\" \/>\n\t<meta property=\"og:image:type\" content=\"image\/jpeg\" \/>\n<meta name=\"twitter:card\" content=\"summary_large_image\" \/>\n<meta name=\"twitter:label1\" content=\"Dur\u00e9e de lecture estim\u00e9e\" \/>\n\t<meta name=\"twitter:data1\" content=\"3 minutes\" \/>\n<script type=\"application\/ld+json\" class=\"yoast-schema-graph\">{\"@context\":\"https:\/\/schema.org\",\"@graph\":[{\"@type\":\"WebPage\",\"@id\":\"https:\/\/aikidojo.fr\/ajaccio\/dojo-aikido-ajaccio-corse\",\"url\":\"https:\/\/aikidojo.fr\/ajaccio\/dojo-aikido-ajaccio-corse\",\"name\":\"Dojo - Cours d&#039;Aikido Fondamental \u00e0 Ajaccio\",\"isPartOf\":{\"@id\":\"https:\/\/aikidojo.fr\/ajaccio\/#website\"},\"primaryImageOfPage\":{\"@id\":\"https:\/\/aikidojo.fr\/ajaccio\/dojo-aikido-ajaccio-corse#primaryimage\"},\"image\":{\"@id\":\"https:\/\/aikidojo.fr\/ajaccio\/dojo-aikido-ajaccio-corse#primaryimage\"},\"thumbnailUrl\":\"https:\/\/aikidojo.fr\/ajaccio\/wp-content\/uploads\/2023\/09\/dojo_aikidojo_ajaccio_01_\u00a9_Stef-Bravin.jpg\",\"datePublished\":\"2011-07-30T10:20:31+00:00\",\"dateModified\":\"2025-11-17T21:45:55+00:00\",\"breadcrumb\":{\"@id\":\"https:\/\/aikidojo.fr\/ajaccio\/dojo-aikido-ajaccio-corse#breadcrumb\"},\"inLanguage\":\"fr-FR\",\"potentialAction\":[{\"@type\":\"ReadAction\",\"target\":[\"https:\/\/aikidojo.fr\/ajaccio\/dojo-aikido-ajaccio-corse\"]}]},{\"@type\":\"ImageObject\",\"inLanguage\":\"fr-FR\",\"@id\":\"https:\/\/aikidojo.fr\/ajaccio\/dojo-aikido-ajaccio-corse#primaryimage\",\"url\":\"https:\/\/aikidojo.fr\/ajaccio\/wp-content\/uploads\/2023\/09\/dojo_aikidojo_ajaccio_01_\u00a9_Stef-Bravin.jpg\",\"contentUrl\":\"https:\/\/aikidojo.fr\/ajaccio\/wp-content\/uploads\/2023\/09\/dojo_aikidojo_ajaccio_01_\u00a9_Stef-Bravin.jpg\",\"width\":1900,\"height\":1264,\"caption\":\"aikido Ajaccio art martial self defense\"},{\"@type\":\"BreadcrumbList\",\"@id\":\"https:\/\/aikidojo.fr\/ajaccio\/dojo-aikido-ajaccio-corse#breadcrumb\",\"itemListElement\":[{\"@type\":\"ListItem\",\"position\":1,\"name\":\"Home\",\"item\":\"https:\/\/aikidojo.fr\/ajaccio\/\"},{\"@type\":\"ListItem\",\"position\":2,\"name\":\"Dojo\"}]},{\"@type\":\"WebSite\",\"@id\":\"https:\/\/aikidojo.fr\/ajaccio\/#website\",\"url\":\"https:\/\/aikidojo.fr\/ajaccio\/\",\"name\":\"Aikido Fondamental \u00e0 Ajaccio\",\"description\":\"FAA Corse\",\"publisher\":{\"@id\":\"https:\/\/aikidojo.fr\/ajaccio\/#organization\"},\"potentialAction\":[{\"@type\":\"SearchAction\",\"target\":{\"@type\":\"EntryPoint\",\"urlTemplate\":\"https:\/\/aikidojo.fr\/ajaccio\/?s={search_term_string}\"},\"query-input\":{\"@type\":\"PropertyValueSpecification\",\"valueRequired\":true,\"valueName\":\"search_term_string\"}}],\"inLanguage\":\"fr-FR\"},{\"@type\":\"Organization\",\"@id\":\"https:\/\/aikidojo.fr\/ajaccio\/#organization\",\"name\":\"AIki Dojo Ajaccio\",\"url\":\"https:\/\/aikidojo.fr\/ajaccio\/\",\"logo\":{\"@type\":\"ImageObject\",\"inLanguage\":\"fr-FR\",\"@id\":\"https:\/\/aikidojo.fr\/ajaccio\/#\/schema\/logo\/image\/\",\"url\":\"https:\/\/aikidojo.fr\/ajaccio\/wp-content\/uploads\/2011\/07\/kamon_aikidojo_ajaccio.jpg\",\"contentUrl\":\"https:\/\/aikidojo.fr\/ajaccio\/wp-content\/uploads\/2011\/07\/kamon_aikidojo_ajaccio.jpg\",\"width\":150,\"height\":150,\"caption\":\"AIki Dojo Ajaccio\"},\"image\":{\"@id\":\"https:\/\/aikidojo.fr\/ajaccio\/#\/schema\/logo\/image\/\"},\"sameAs\":[\"https:\/\/www.facebook.com\/aikidojoajaccio\"]}]}<\/script>\n<!-- \/ Yoast SEO plugin. -->","yoast_head_json":{"title":"Dojo - Cours d&#039;Aikido Fondamental \u00e0 Ajaccio","robots":{"index":"index","follow":"follow","max-snippet":"max-snippet:-1","max-image-preview":"max-image-preview:large","max-video-preview":"max-video-preview:-1"},"canonical":"https:\/\/aikidojo.fr\/ajaccio\/dojo-aikido-ajaccio-corse","og_locale":"fr_FR","og_type":"article","og_title":"Dojo - Cours d&#039;Aikido Fondamental \u00e0 Ajaccio","og_description":"Votre dojo d&rsquo;aikido se situe aux Hauts de Bodiccione . Que vous soyez pratiquant de passage ou r\u00e9sident, vous serez toujours le bienvenue pour pratiquer avec nous dans la rigueur et la bonne humeur. Notre dojo a une surface de tatami de 60 m2. Nous vous accueillons tous les lundi et jeudi de 19h \u00e0 ... Lire plus","og_url":"https:\/\/aikidojo.fr\/ajaccio\/dojo-aikido-ajaccio-corse","og_site_name":"Cours d&#039;Aikido Fondamental \u00e0 Ajaccio","article_publisher":"https:\/\/www.facebook.com\/aikidojoajaccio","article_modified_time":"2025-11-17T21:45:55+00:00","og_image":[{"width":1900,"height":1264,"url":"https:\/\/aikidojo.fr\/ajaccio\/wp-content\/uploads\/2023\/09\/dojo_aikidojo_ajaccio_01_\u00a9_Stef-Bravin.jpg","type":"image\/jpeg"}],"twitter_card":"summary_large_image","twitter_misc":{"Dur\u00e9e de lecture estim\u00e9e":"3 minutes"},"schema":{"@context":"https:\/\/schema.org","@graph":[{"@type":"WebPage","@id":"https:\/\/aikidojo.fr\/ajaccio\/dojo-aikido-ajaccio-corse","url":"https:\/\/aikidojo.fr\/ajaccio\/dojo-aikido-ajaccio-corse","name":"Dojo - Cours d&#039;Aikido Fondamental \u00e0 Ajaccio","isPartOf":{"@id":"https:\/\/aikidojo.fr\/ajaccio\/#website"},"primaryImageOfPage":{"@id":"https:\/\/aikidojo.fr\/ajaccio\/dojo-aikido-ajaccio-corse#primaryimage"},"image":{"@id":"https:\/\/aikidojo.fr\/ajaccio\/dojo-aikido-ajaccio-corse#primaryimage"},"thumbnailUrl":"https:\/\/aikidojo.fr\/ajaccio\/wp-content\/uploads\/2023\/09\/dojo_aikidojo_ajaccio_01_\u00a9_Stef-Bravin.jpg","datePublished":"2011-07-30T10:20:31+00:00","dateModified":"2025-11-17T21:45:55+00:00","breadcrumb":{"@id":"https:\/\/aikidojo.fr\/ajaccio\/dojo-aikido-ajaccio-corse#breadcrumb"},"inLanguage":"fr-FR","potentialAction":[{"@type":"ReadAction","target":["https:\/\/aikidojo.fr\/ajaccio\/dojo-aikido-ajaccio-corse"]}]},{"@type":"ImageObject","inLanguage":"fr-FR","@id":"https:\/\/aikidojo.fr\/ajaccio\/dojo-aikido-ajaccio-corse#primaryimage","url":"https:\/\/aikidojo.fr\/ajaccio\/wp-content\/uploads\/2023\/09\/dojo_aikidojo_ajaccio_01_\u00a9_Stef-Bravin.jpg","contentUrl":"https:\/\/aikidojo.fr\/ajaccio\/wp-content\/uploads\/2023\/09\/dojo_aikidojo_ajaccio_01_\u00a9_Stef-Bravin.jpg","width":1900,"height":1264,"caption":"aikido Ajaccio art martial self defense"},{"@type":"BreadcrumbList","@id":"https:\/\/aikidojo.fr\/ajaccio\/dojo-aikido-ajaccio-corse#breadcrumb","itemListElement":[{"@type":"ListItem","position":1,"name":"Home","item":"https:\/\/aikidojo.fr\/ajaccio\/"},{"@type":"ListItem","position":2,"name":"Dojo"}]},{"@type":"WebSite","@id":"https:\/\/aikidojo.fr\/ajaccio\/#website","url":"https:\/\/aikidojo.fr\/ajaccio\/","name":"Aikido Fondamental \u00e0 Ajaccio","description":"FAA Corse","publisher":{"@id":"https:\/\/aikidojo.fr\/ajaccio\/#organization"},"potentialAction":[{"@type":"SearchAction","target":{"@type":"EntryPoint","urlTemplate":"https:\/\/aikidojo.fr\/ajaccio\/?s={search_term_string}"},"query-input":{"@type":"PropertyValueSpecification","valueRequired":true,"valueName":"search_term_string"}}],"inLanguage":"fr-FR"},{"@type":"Organization","@id":"https:\/\/aikidojo.fr\/ajaccio\/#organization","name":"AIki Dojo Ajaccio","url":"https:\/\/aikidojo.fr\/ajaccio\/","logo":{"@type":"ImageObject","inLanguage":"fr-FR","@id":"https:\/\/aikidojo.fr\/ajaccio\/#\/schema\/logo\/image\/","url":"https:\/\/aikidojo.fr\/ajaccio\/wp-content\/uploads\/2011\/07\/kamon_aikidojo_ajaccio.jpg","contentUrl":"https:\/\/aikidojo.fr\/ajaccio\/wp-content\/uploads\/2011\/07\/kamon_aikidojo_ajaccio.jpg","width":150,"height":150,"caption":"AIki Dojo Ajaccio"},"image":{"@id":"https:\/\/aikidojo.fr\/ajaccio\/#\/schema\/logo\/image\/"},"sameAs":["https:\/\/www.facebook.com\/aikidojoajaccio"]}]}},"_links":{"self":[{"href":"https:\/\/aikidojo.fr\/ajaccio\/wp-json\/wp\/v2\/pages\/6"}],"collection":[{"href":"https:\/\/aikidojo.fr\/ajaccio\/wp-json\/wp\/v2\/pages"}],"about":[{"href":"https:\/\/aikidojo.fr\/ajaccio\/wp-json\/wp\/v2\/types\/page"}],"author":[{"embeddable":true,"href":"https:\/\/aikidojo.fr\/ajaccio\/wp-json\/wp\/v2\/users\/1"}],"replies":[{"embeddable":true,"href":"https:\/\/aikidojo.fr\/ajaccio\/wp-json\/wp\/v2\/comments?post=6"}],"version-history":[{"count":6,"href":"https:\/\/aikidojo.fr\/ajaccio\/wp-json\/wp\/v2\/pages\/6\/revisions"}],"predecessor-version":[{"id":3441,"href":"https:\/\/aikidojo.fr\/ajaccio\/wp-json\/wp\/v2\/pages\/6\/revisions\/3441"}],"wp:featuredmedia":[{"embeddable":true,"href":"https:\/\/aikidojo.fr\/ajaccio\/wp-json\/wp\/v2\/media\/3156"}],"wp:attachment":[{"href":"https:\/\/aikidojo.fr\/ajaccio\/wp-json\/wp\/v2\/media?parent=6"}],"curies":[{"name":"wp","href":"https:\/\/api.w.org\/{rel}","templated":true}]}}