{"id":757,"date":"2011-11-07T17:01:17","date_gmt":"2011-11-07T17:01:17","guid":{"rendered":"https:\/\/aikidojo.fr\/ajaccio\/?page_id=757"},"modified":"2024-08-01T21:50:20","modified_gmt":"2024-08-01T21:50:20","slug":"contact-aikido-ajaccio","status":"publish","type":"page","link":"https:\/\/aikidojo.fr\/ajaccio\/contact-aikido-ajaccio","title":{"rendered":"Contact"},"content":{"rendered":"<p style=\"text-align: justify;\"><a href=\"https:\/\/aikidojo.fr\/ajaccio\/contact-aikido-ajaccio\/attachment\/2\" rel=\"attachment wp-att-761\"><img loading=\"lazy\" decoding=\"async\" class=\"alignleft wp-image-761 size-medium\" title=\"contact aikido ajaccio\" src=\"https:\/\/aikidojo.fr\/ajaccio\/wp-content\/uploads\/2011\/11\/2-192x300.jpg\" alt=\"contacter aikido Ajaccio \" width=\"192\" height=\"300\" srcset=\"https:\/\/aikidojo.fr\/ajaccio\/wp-content\/uploads\/2011\/11\/2-192x300.jpg 192w, https:\/\/aikidojo.fr\/ajaccio\/wp-content\/uploads\/2011\/11\/2-96x150.jpg 96w, https:\/\/aikidojo.fr\/ajaccio\/wp-content\/uploads\/2011\/11\/2-400x622.jpg 400w, https:\/\/aikidojo.fr\/ajaccio\/wp-content\/uploads\/2011\/11\/2.jpg 540w\" sizes=\"(max-width: 192px) 100vw, 192px\" \/><\/a>Pour tous renseignements et informations, pour vous joindre \u00e0 nous, organiser un stage sur les armes de l&rsquo;aikido, ou travail \u00e0 mains nues \u00e0 Ajaccio, ailleurs en Corse ou sur le continent,\u00a0 nous sommes disponible au <strong>06 13 21 55 39<\/strong> ou par email : <a href=\"mailto:aikidojo-ajaccio@orange.fr\">aikidojo-ajaccio@orange.fr<\/a><a href=\"mailto:iwamaryu@orange.fr\"><br \/>\n<\/a><\/p>\n","protected":false},"excerpt":{"rendered":"<p>Pour tous renseignements et informations, pour vous joindre \u00e0 nous, organiser un stage sur les armes de l&rsquo;aikido, ou travail \u00e0 mains nues \u00e0 Ajaccio, ailleurs en Corse ou sur le continent,\u00a0 nous sommes disponible au 06 13 21 55 39 ou par email : aikidojo-ajaccio@orange.fr<\/p>\n","protected":false},"author":2,"featured_media":0,"parent":0,"menu_order":0,"comment_status":"closed","ping_status":"closed","template":"","meta":{"footnotes":""},"class_list":{"0":"post-757","1":"page","2":"type-page","3":"status-publish","5":"infinite-scroll-item"},"yoast_head":"<!-- This site is optimized with the Yoast SEO plugin v23.4 - https:\/\/yoast.com\/wordpress\/plugins\/seo\/ -->\n<title>Contact - Cours d&#039;Aikido Fondamental \u00e0 Ajaccio<\/title>\n<meta name=\"robots\" content=\"index, follow, max-snippet:-1, max-image-preview:large, max-video-preview:-1\" \/>\n<link rel=\"canonical\" href=\"https:\/\/aikidojo.fr\/ajaccio\/contact-aikido-ajaccio\" \/>\n<meta property=\"og:locale\" content=\"fr_FR\" \/>\n<meta property=\"og:type\" content=\"article\" \/>\n<meta property=\"og:title\" content=\"Contact - Cours d&#039;Aikido Fondamental \u00e0 Ajaccio\" \/>\n<meta property=\"og:description\" content=\"Pour tous renseignements et informations, pour vous joindre \u00e0 nous, organiser un stage sur les armes de l&rsquo;aikido, ou travail \u00e0 mains nues \u00e0 Ajaccio, ailleurs en Corse ou sur le continent,\u00a0 nous sommes disponible au 06 13 21 55 39 ou par email : aikidojo-ajaccio@orange.fr\" \/>\n<meta property=\"og:url\" content=\"https:\/\/aikidojo.fr\/ajaccio\/contact-aikido-ajaccio\" \/>\n<meta property=\"og:site_name\" content=\"Cours d&#039;Aikido Fondamental \u00e0 Ajaccio\" \/>\n<meta property=\"article:publisher\" content=\"https:\/\/www.facebook.com\/aikidojoajaccio\" \/>\n<meta property=\"article:modified_time\" content=\"2024-08-01T21:50:20+00:00\" \/>\n<meta property=\"og:image\" content=\"https:\/\/aikidojo.fr\/ajaccio\/wp-content\/uploads\/2011\/11\/2-192x300.jpg\" \/>\n<meta name=\"twitter:card\" content=\"summary_large_image\" \/>\n<meta name=\"twitter:label1\" content=\"Dur\u00e9e de lecture estim\u00e9e\" \/>\n\t<meta name=\"twitter:data1\" content=\"1 minute\" \/>\n<script type=\"application\/ld+json\" class=\"yoast-schema-graph\">{\"@context\":\"https:\/\/schema.org\",\"@graph\":[{\"@type\":\"WebPage\",\"@id\":\"https:\/\/aikidojo.fr\/ajaccio\/contact-aikido-ajaccio\",\"url\":\"https:\/\/aikidojo.fr\/ajaccio\/contact-aikido-ajaccio\",\"name\":\"Contact - Cours d&#039;Aikido Fondamental \u00e0 Ajaccio\",\"isPartOf\":{\"@id\":\"https:\/\/aikidojo.fr\/ajaccio\/#website\"},\"primaryImageOfPage\":{\"@id\":\"https:\/\/aikidojo.fr\/ajaccio\/contact-aikido-ajaccio#primaryimage\"},\"image\":{\"@id\":\"https:\/\/aikidojo.fr\/ajaccio\/contact-aikido-ajaccio#primaryimage\"},\"thumbnailUrl\":\"https:\/\/aikidojo.fr\/ajaccio\/wp-content\/uploads\/2011\/11\/2-192x300.jpg\",\"datePublished\":\"2011-11-07T17:01:17+00:00\",\"dateModified\":\"2024-08-01T21:50:20+00:00\",\"breadcrumb\":{\"@id\":\"https:\/\/aikidojo.fr\/ajaccio\/contact-aikido-ajaccio#breadcrumb\"},\"inLanguage\":\"fr-FR\",\"potentialAction\":[{\"@type\":\"ReadAction\",\"target\":[\"https:\/\/aikidojo.fr\/ajaccio\/contact-aikido-ajaccio\"]}]},{\"@type\":\"ImageObject\",\"inLanguage\":\"fr-FR\",\"@id\":\"https:\/\/aikidojo.fr\/ajaccio\/contact-aikido-ajaccio#primaryimage\",\"url\":\"https:\/\/aikidojo.fr\/ajaccio\/wp-content\/uploads\/2011\/11\/2.jpg\",\"contentUrl\":\"https:\/\/aikidojo.fr\/ajaccio\/wp-content\/uploads\/2011\/11\/2.jpg\",\"width\":\"540\",\"height\":\"841\"},{\"@type\":\"BreadcrumbList\",\"@id\":\"https:\/\/aikidojo.fr\/ajaccio\/contact-aikido-ajaccio#breadcrumb\",\"itemListElement\":[{\"@type\":\"ListItem\",\"position\":1,\"name\":\"Home\",\"item\":\"https:\/\/aikidojo.fr\/ajaccio\/\"},{\"@type\":\"ListItem\",\"position\":2,\"name\":\"Contact\"}]},{\"@type\":\"WebSite\",\"@id\":\"https:\/\/aikidojo.fr\/ajaccio\/#website\",\"url\":\"https:\/\/aikidojo.fr\/ajaccio\/\",\"name\":\"Aikido Fondamental \u00e0 Ajaccio\",\"description\":\"FAA Corse\",\"publisher\":{\"@id\":\"https:\/\/aikidojo.fr\/ajaccio\/#organization\"},\"potentialAction\":[{\"@type\":\"SearchAction\",\"target\":{\"@type\":\"EntryPoint\",\"urlTemplate\":\"https:\/\/aikidojo.fr\/ajaccio\/?s={search_term_string}\"},\"query-input\":{\"@type\":\"PropertyValueSpecification\",\"valueRequired\":true,\"valueName\":\"search_term_string\"}}],\"inLanguage\":\"fr-FR\"},{\"@type\":\"Organization\",\"@id\":\"https:\/\/aikidojo.fr\/ajaccio\/#organization\",\"name\":\"AIki Dojo Ajaccio\",\"url\":\"https:\/\/aikidojo.fr\/ajaccio\/\",\"logo\":{\"@type\":\"ImageObject\",\"inLanguage\":\"fr-FR\",\"@id\":\"https:\/\/aikidojo.fr\/ajaccio\/#\/schema\/logo\/image\/\",\"url\":\"https:\/\/aikidojo.fr\/ajaccio\/wp-content\/uploads\/2011\/07\/kamon_aikidojo_ajaccio.jpg\",\"contentUrl\":\"https:\/\/aikidojo.fr\/ajaccio\/wp-content\/uploads\/2011\/07\/kamon_aikidojo_ajaccio.jpg\",\"width\":150,\"height\":150,\"caption\":\"AIki Dojo Ajaccio\"},\"image\":{\"@id\":\"https:\/\/aikidojo.fr\/ajaccio\/#\/schema\/logo\/image\/\"},\"sameAs\":[\"https:\/\/www.facebook.com\/aikidojoajaccio\"]}]}<\/script>\n<!-- \/ Yoast SEO plugin. -->","yoast_head_json":{"title":"Contact - Cours d&#039;Aikido Fondamental \u00e0 Ajaccio","robots":{"index":"index","follow":"follow","max-snippet":"max-snippet:-1","max-image-preview":"max-image-preview:large","max-video-preview":"max-video-preview:-1"},"canonical":"https:\/\/aikidojo.fr\/ajaccio\/contact-aikido-ajaccio","og_locale":"fr_FR","og_type":"article","og_title":"Contact - Cours d&#039;Aikido Fondamental \u00e0 Ajaccio","og_description":"Pour tous renseignements et informations, pour vous joindre \u00e0 nous, organiser un stage sur les armes de l&rsquo;aikido, ou travail \u00e0 mains nues \u00e0 Ajaccio, ailleurs en Corse ou sur le continent,\u00a0 nous sommes disponible au 06 13 21 55 39 ou par email : aikidojo-ajaccio@orange.fr","og_url":"https:\/\/aikidojo.fr\/ajaccio\/contact-aikido-ajaccio","og_site_name":"Cours d&#039;Aikido Fondamental \u00e0 Ajaccio","article_publisher":"https:\/\/www.facebook.com\/aikidojoajaccio","article_modified_time":"2024-08-01T21:50:20+00:00","og_image":[{"url":"https:\/\/aikidojo.fr\/ajaccio\/wp-content\/uploads\/2011\/11\/2-192x300.jpg"}],"twitter_card":"summary_large_image","twitter_misc":{"Dur\u00e9e de lecture estim\u00e9e":"1 minute"},"schema":{"@context":"https:\/\/schema.org","@graph":[{"@type":"WebPage","@id":"https:\/\/aikidojo.fr\/ajaccio\/contact-aikido-ajaccio","url":"https:\/\/aikidojo.fr\/ajaccio\/contact-aikido-ajaccio","name":"Contact - Cours d&#039;Aikido Fondamental \u00e0 Ajaccio","isPartOf":{"@id":"https:\/\/aikidojo.fr\/ajaccio\/#website"},"primaryImageOfPage":{"@id":"https:\/\/aikidojo.fr\/ajaccio\/contact-aikido-ajaccio#primaryimage"},"image":{"@id":"https:\/\/aikidojo.fr\/ajaccio\/contact-aikido-ajaccio#primaryimage"},"thumbnailUrl":"https:\/\/aikidojo.fr\/ajaccio\/wp-content\/uploads\/2011\/11\/2-192x300.jpg","datePublished":"2011-11-07T17:01:17+00:00","dateModified":"2024-08-01T21:50:20+00:00","breadcrumb":{"@id":"https:\/\/aikidojo.fr\/ajaccio\/contact-aikido-ajaccio#breadcrumb"},"inLanguage":"fr-FR","potentialAction":[{"@type":"ReadAction","target":["https:\/\/aikidojo.fr\/ajaccio\/contact-aikido-ajaccio"]}]},{"@type":"ImageObject","inLanguage":"fr-FR","@id":"https:\/\/aikidojo.fr\/ajaccio\/contact-aikido-ajaccio#primaryimage","url":"https:\/\/aikidojo.fr\/ajaccio\/wp-content\/uploads\/2011\/11\/2.jpg","contentUrl":"https:\/\/aikidojo.fr\/ajaccio\/wp-content\/uploads\/2011\/11\/2.jpg","width":"540","height":"841"},{"@type":"BreadcrumbList","@id":"https:\/\/aikidojo.fr\/ajaccio\/contact-aikido-ajaccio#breadcrumb","itemListElement":[{"@type":"ListItem","position":1,"name":"Home","item":"https:\/\/aikidojo.fr\/ajaccio\/"},{"@type":"ListItem","position":2,"name":"Contact"}]},{"@type":"WebSite","@id":"https:\/\/aikidojo.fr\/ajaccio\/#website","url":"https:\/\/aikidojo.fr\/ajaccio\/","name":"Aikido Fondamental \u00e0 Ajaccio","description":"FAA Corse","publisher":{"@id":"https:\/\/aikidojo.fr\/ajaccio\/#organization"},"potentialAction":[{"@type":"SearchAction","target":{"@type":"EntryPoint","urlTemplate":"https:\/\/aikidojo.fr\/ajaccio\/?s={search_term_string}"},"query-input":{"@type":"PropertyValueSpecification","valueRequired":true,"valueName":"search_term_string"}}],"inLanguage":"fr-FR"},{"@type":"Organization","@id":"https:\/\/aikidojo.fr\/ajaccio\/#organization","name":"AIki Dojo Ajaccio","url":"https:\/\/aikidojo.fr\/ajaccio\/","logo":{"@type":"ImageObject","inLanguage":"fr-FR","@id":"https:\/\/aikidojo.fr\/ajaccio\/#\/schema\/logo\/image\/","url":"https:\/\/aikidojo.fr\/ajaccio\/wp-content\/uploads\/2011\/07\/kamon_aikidojo_ajaccio.jpg","contentUrl":"https:\/\/aikidojo.fr\/ajaccio\/wp-content\/uploads\/2011\/07\/kamon_aikidojo_ajaccio.jpg","width":150,"height":150,"caption":"AIki Dojo Ajaccio"},"image":{"@id":"https:\/\/aikidojo.fr\/ajaccio\/#\/schema\/logo\/image\/"},"sameAs":["https:\/\/www.facebook.com\/aikidojoajaccio"]}]}},"_links":{"self":[{"href":"https:\/\/aikidojo.fr\/ajaccio\/wp-json\/wp\/v2\/pages\/757"}],"collection":[{"href":"https:\/\/aikidojo.fr\/ajaccio\/wp-json\/wp\/v2\/pages"}],"about":[{"href":"https:\/\/aikidojo.fr\/ajaccio\/wp-json\/wp\/v2\/types\/page"}],"author":[{"embeddable":true,"href":"https:\/\/aikidojo.fr\/ajaccio\/wp-json\/wp\/v2\/users\/2"}],"replies":[{"embeddable":true,"href":"https:\/\/aikidojo.fr\/ajaccio\/wp-json\/wp\/v2\/comments?post=757"}],"version-history":[{"count":6,"href":"https:\/\/aikidojo.fr\/ajaccio\/wp-json\/wp\/v2\/pages\/757\/revisions"}],"predecessor-version":[{"id":3309,"href":"https:\/\/aikidojo.fr\/ajaccio\/wp-json\/wp\/v2\/pages\/757\/revisions\/3309"}],"wp:attachment":[{"href":"https:\/\/aikidojo.fr\/ajaccio\/wp-json\/wp\/v2\/media?parent=757"}],"curies":[{"name":"wp","href":"https:\/\/api.w.org\/{rel}","templated":true}]}}