{"id":8,"date":"2011-07-30T10:21:31","date_gmt":"2011-07-30T10:21:31","guid":{"rendered":"https:\/\/aikidojo.fr\/ajaccio\/?page_id=8"},"modified":"2025-07-22T18:15:14","modified_gmt":"2025-07-22T18:15:14","slug":"cours-aikido-ajaccio-corse","status":"publish","type":"page","link":"https:\/\/aikidojo.fr\/ajaccio\/cours-aikido-ajaccio-corse","title":{"rendered":"Cours"},"content":{"rendered":"\n<blockquote class=\"wp-block-quote is-layout-flow wp-block-quote-is-layout-flow\">\n<p class=\"has-text-align-center\">Rendez-vous les&nbsp;<strong>lundi et jeudi soir&nbsp;<\/strong>au <a href=\"https:\/\/goo.gl\/maps\/GtXoiS6JjHV5Qh6eA\" target=\"_blank\" rel=\"noopener noreferrer\">Dojo du LOGIREM sur les hauts de Bodiccione<\/a> d\u00e8s 19h<\/p>\n\n\n\n<p class=\"has-text-align-center\"><em><strong>Vous pouvez nous rejoindre toute l&rsquo;ann\u00e9e<\/strong><\/em><\/p>\n<\/blockquote>\n\n\n\n<h4 class=\"wp-block-heading\">&nbsp;<\/h4>\n\n\n\n<figure class=\"wp-block-gallery has-nested-images columns-default is-cropped wp-block-gallery-1 is-layout-flex wp-block-gallery-is-layout-flex\"><div class=\"wp-block-image\">\n<figure class=\"aligncenter size-full\"><img loading=\"lazy\" decoding=\"async\" width=\"434\" height=\"600\" data-id=\"3420\" src=\"https:\/\/aikidojo.fr\/ajaccio\/wp-content\/uploads\/2025\/05\/chibi-dojo-e1748021859176.jpg\" alt=\"instructeur aikido Ajaccio\" class=\"wp-image-3420\"\/><figcaption class=\"wp-element-caption\"><em>Ange-Marie 2 dan et St\u00e9phane 5 dan vous accompagneront dans votre pratique<\/em><\/figcaption><\/figure><\/div><\/figure>\n\n\n\n<h4 class=\"wp-block-heading\">&nbsp;<\/h4>\n\n\n\n<h3 class=\"wp-block-heading\"><span style=\"color: #888888;\">Horaires et lieu<\/span><\/h3>\n\n\n\n<p>Nos dispensons 4 cours d&rsquo;aikido traditionnel par semaine, qui ont lieu les <strong>lundi<\/strong>&nbsp;et les&nbsp;<strong>jeudi soir<\/strong> dans notre dojo priv\u00e9 &nbsp;au <a href=\"https:\/\/goo.gl\/maps\/GtXoiS6JjHV5Qh6eA\" target=\"_blank\" rel=\"noopener noreferrer\">LOGIREM<\/a> d&rsquo;Ajaccio en Corse. Il est important d&rsquo;arriver en avance afin d&rsquo;avoir le temps de se changer et ainsi commencer le cours \u00e0 l&rsquo;heure. Les cours sont tous niveaux et sont ouverts aux femmes, hommes et adolescents d\u00e8s l&rsquo;\u00e2ge de 11 ans.<\/p>\n\n\n\n<ul class=\"wp-block-list\">\n<li>Lundi :\n<ul class=\"wp-block-list\">\n<li>19h \u00e0 20h : cours  taijutsu <em>(mains nues)<\/em><\/li>\n\n\n\n<li>20h \u00e0 21h : cours bukiwaza <em>(armes \/ aikiken ou aikijo)<\/em><\/li>\n<\/ul>\n<\/li>\n<\/ul>\n\n\n\n<ul class=\"wp-block-list\">\n<li>Jeudi :\n<ul class=\"wp-block-list\">\n<li>19h \u00e0 20h : cours bukiwaza <em>(armes \/ aikiken ou aikijo)<\/em><\/li>\n\n\n\n<li>20h \u00e0 21h : cours taijutsu <em>(mains nues)<\/em><\/li>\n\n\n\n<li>21h \u00e0 21h30 : cours avanc\u00e9 (<i>\u00e0 partir de 2 kyu)<\/i><\/li>\n<\/ul>\n<\/li>\n<\/ul>\n\n\n\n<p class=\"has-text-align-center has-text-color has-link-color has-medium-font-size wp-elements-5e92b622908e82735fb5a0661c6376b1\" style=\"color:#ababb0d6\"><strong><em>\u00ab\u00a0L&rsquo;assiduit\u00e9 est une vertu, une qualit\u00e9 et une politesse\u00a0\u00bb<\/em><\/strong><\/p>\n\n\n\n<p>L&rsquo;apprentissage de l\u2019a\u00efkido se d\u00e9roule comme le solf\u00e8ge ou l&rsquo;\u00e9criture, nous commen\u00e7ons par l&rsquo;apprentissage des fondamentaux <em>(kihon)<\/em> afin d&rsquo;\u00e9tudier les positions, angles etc&#8230; tout ceci dans le but de construire le corps et assez rapidement,&nbsp; nous rentrons dans des formes plus fluides.<\/p>\n\n\n\n<p>Vous pouvez vous inscrire tout au long de l\u2019ann\u00e9e. Les cours sont tous niveaux et adapt\u00e9s en fonction des \u00e9l\u00e8ves.<\/p>\n\n\n\n<ul class=\"wp-block-list\">\n<li>Deux&nbsp;cours d\u2019essai&nbsp;<strong>gratuit<\/strong><\/li>\n\n\n\n<li>Adh\u00e9sion \/ Assurance Ufolep \/ Cours aikido :<strong>&nbsp;<strong>\u20ac 230<\/strong>&nbsp;par <\/strong><strong>an &#8211;<\/strong> \u20ac 180 pour les \u00e9tudiants et adolescents &#8211; visiteurs : \u20ac 40 par mois.<\/li>\n\n\n\n<li>Tarif couple\/famille \u20ac 200 par personne<\/li>\n\n\n\n<li>Licenci\u00e9s hors dojo : <strong>\u20ac 66<\/strong> par an <em>(26 euros licence + 40 euros d&rsquo;adh\u00e9sion au dojo)<\/em><\/li>\n<\/ul>\n\n\n\n<p>Facilit\u00e9 de paiement en plusieurs fois&nbsp;<em>(avec engagement pour la saison en cours).<\/em><\/p>\n\n\n\n<p>Les cours sont assur\u00e9s du premier lundi de septembre, au dernier jeudi de juillet, hors jours f\u00e9ri\u00e9s.<\/p>\n\n\n\n<p>Dojo <strong>ouvert<\/strong> pendant les <strong>vacances scolaires<\/strong>, sauf les vacances de No\u00ebl, lundi de P\u00e2ques, jeudi de l\u2019Ascension et lundi de Pentec\u00f4te.<\/p>\n\n\n\n<p>Les frais d\u2019inscriptions incluent l\u2019adh\u00e9sion au dojo, l\u2019assurance responsabilit\u00e9 civile, les licences UFOLEP ainsi que la location du dojo.<\/p>\n\n\n\n<figure class=\"wp-block-embed is-type-video is-provider-youtube wp-block-embed-youtube wp-embed-aspect-16-9 wp-has-aspect-ratio\"><div class=\"wp-block-embed__wrapper\">\n<iframe loading=\"lazy\" title=\"presentation aikidojo ajaccio onegai shimasu\" width=\"1200\" height=\"675\" src=\"https:\/\/www.youtube.com\/embed\/e8fAqW2woXg?feature=oembed\" frameborder=\"0\" allow=\"accelerometer; autoplay; clipboard-write; encrypted-media; gyroscope; picture-in-picture; web-share\" referrerpolicy=\"strict-origin-when-cross-origin\" allowfullscreen><\/iframe>\n<\/div><\/figure>\n\n\n\n<h3 class=\"wp-block-heading\"><span style=\"color: #888888;\">Documents<\/span><\/h3>\n\n\n\n<ul class=\"wp-block-list\">\n<li>Certificat m\u00e9dical r\u00e9cent<i> (moins d\u2019un an)<\/i> &#8211; &nbsp;d\u00e9sormais valable 3 ans<\/li>\n\n\n\n<li>formulaire d&rsquo;inscription remis apr\u00e8s la p\u00e9riode d&rsquo;essai<\/li>\n\n\n\n<li>Photographie d\u2019identit\u00e9 \u00e0 la premi\u00e8re inscription<\/li>\n<\/ul>\n\n\n\n<h3 class=\"wp-block-heading\"><span style=\"color: #888888;\">Mat\u00e9riel<\/span><\/h3>\n\n\n\n<ul class=\"wp-block-list\">\n<li>Tenue d\u2019entra\u00eenement (judo\/karate \u2013 Keiko-gi &amp; Zori <em>[tong ou chaussons]<\/em>), une ceinture blanche surpiqu\u00e9e. Les cours d\u2019essai peuvent \u00eatre r\u00e9alis\u00e9 en tenue de sport<\/li>\n\n\n\n<li>armes : <a href=\"https:\/\/tozandoshop.com\/collections\/aikido-bokuto-1\/products\/iwama-ryu-bokuto?variant=34073582960773\" target=\"_blank\" rel=\"noopener noreferrer\">boken<\/a> <i>(sabre en bois)<\/i>, <a href=\"https:\/\/tozandoshop.com\/collections\/aikido-jo\" target=\"_blank\" rel=\"noopener noreferrer\">jo<\/a><i> (b\u00e2ton) <\/i>et tanto <i>(couteau en bois) <\/i>&#8211; <em>nous les commandons directement au <span style=\"color: #cc0000;\"><span style=\"color: #cc0000;\">Japon <\/span><\/span>&#8211; Infos au dojo aupr\u00e8s du dojocho<\/em><\/li>\n<\/ul>\n\n\n\n<h4 class=\"wp-block-heading\">&nbsp;<\/h4>\n\n\n\n<h4 class=\"wp-block-heading\">Vous pouvez vous aider du <a href=\"https:\/\/aikidojo.fr\/ajaccio\/grades-iwama-takemusu-aikido\" target=\"_blank\" rel=\"noopener noreferrer\">programme technique <\/a>\u00e9tabli par Saito Sensei pour pr\u00e9parer vos grades.<\/h4>\n\n\n\n<blockquote class=\"wp-block-quote is-layout-flow wp-block-quote-is-layout-flow\">\n<p>Pour plus de renseignements, vous pouvez nous joindre au 06 13 21 55 39 ou par email : aikidojo-ajaccio@orange.fr<\/p>\n\n\n\n<p>&nbsp;<\/p>\n<\/blockquote>\n\n\n\n<figure class=\"wp-block-embed is-type-video is-provider-youtube wp-block-embed-youtube wp-embed-aspect-16-9 wp-has-aspect-ratio\"><div class=\"wp-block-embed__wrapper\">\n<iframe loading=\"lazy\" title=\"Aikidojo Ajaccio Wa no Michi iwama ryu faa\" width=\"1200\" height=\"675\" src=\"https:\/\/www.youtube.com\/embed\/JUfIzL8RU7Q?feature=oembed\" frameborder=\"0\" allow=\"accelerometer; autoplay; clipboard-write; encrypted-media; gyroscope; picture-in-picture; web-share\" referrerpolicy=\"strict-origin-when-cross-origin\" allowfullscreen><\/iframe>\n<\/div><\/figure>\n","protected":false},"excerpt":{"rendered":"<p>Rendez-vous les&nbsp;lundi et jeudi soir&nbsp;au Dojo du LOGIREM sur les hauts de Bodiccione d\u00e8s 19h Vous pouvez nous rejoindre toute l&rsquo;ann\u00e9e &nbsp; &nbsp; Horaires et lieu Nos dispensons 4 cours d&rsquo;aikido traditionnel par semaine, qui ont lieu les lundi&nbsp;et les&nbsp;jeudi soir dans notre dojo priv\u00e9 &nbsp;au LOGIREM d&rsquo;Ajaccio en Corse. Il est important d&rsquo;arriver en &#8230; <a title=\"Cours\" class=\"read-more\" href=\"https:\/\/aikidojo.fr\/ajaccio\/cours-aikido-ajaccio-corse\" aria-label=\"En savoir plus sur Cours\">Lire plus<\/a><\/p>\n","protected":false},"author":1,"featured_media":1824,"parent":0,"menu_order":50,"comment_status":"closed","ping_status":"closed","template":"","meta":{"footnotes":""},"class_list":{"0":"post-8","1":"page","2":"type-page","3":"status-publish","4":"has-post-thumbnail","6":"infinite-scroll-item"},"yoast_head":"<!-- This site is optimized with the Yoast SEO plugin v23.4 - https:\/\/yoast.com\/wordpress\/plugins\/seo\/ -->\n<title>Cours - Cours d&#039;Aikido Fondamental \u00e0 Ajaccio<\/title>\n<meta name=\"robots\" content=\"index, follow, max-snippet:-1, max-image-preview:large, max-video-preview:-1\" \/>\n<link rel=\"canonical\" href=\"https:\/\/aikidojo.fr\/ajaccio\/cours-aikido-ajaccio-corse\" \/>\n<meta property=\"og:locale\" content=\"fr_FR\" \/>\n<meta property=\"og:type\" content=\"article\" \/>\n<meta property=\"og:title\" content=\"Cours - Cours d&#039;Aikido Fondamental \u00e0 Ajaccio\" \/>\n<meta property=\"og:description\" content=\"Rendez-vous les&nbsp;lundi et jeudi soir&nbsp;au Dojo du LOGIREM sur les hauts de Bodiccione d\u00e8s 19h Vous pouvez nous rejoindre toute l&rsquo;ann\u00e9e &nbsp; &nbsp; Horaires et lieu Nos dispensons 4 cours d&rsquo;aikido traditionnel par semaine, qui ont lieu les lundi&nbsp;et les&nbsp;jeudi soir dans notre dojo priv\u00e9 &nbsp;au LOGIREM d&rsquo;Ajaccio en Corse. Il est important d&rsquo;arriver en ... Lire plus\" \/>\n<meta property=\"og:url\" content=\"https:\/\/aikidojo.fr\/ajaccio\/cours-aikido-ajaccio-corse\" \/>\n<meta property=\"og:site_name\" content=\"Cours d&#039;Aikido Fondamental \u00e0 Ajaccio\" \/>\n<meta property=\"article:publisher\" content=\"https:\/\/www.facebook.com\/aikidojoajaccio\" \/>\n<meta property=\"article:modified_time\" content=\"2025-07-22T18:15:14+00:00\" \/>\n<meta property=\"og:image\" content=\"https:\/\/aikidojo.fr\/ajaccio\/wp-content\/uploads\/2011\/07\/kamon_aikidojo_ajaccio.jpg\" \/>\n\t<meta property=\"og:image:width\" content=\"150\" \/>\n\t<meta property=\"og:image:height\" content=\"150\" \/>\n\t<meta property=\"og:image:type\" content=\"image\/jpeg\" \/>\n<meta name=\"twitter:card\" content=\"summary_large_image\" \/>\n<meta name=\"twitter:label1\" content=\"Dur\u00e9e de lecture estim\u00e9e\" \/>\n\t<meta name=\"twitter:data1\" content=\"3 minutes\" \/>\n<script type=\"application\/ld+json\" class=\"yoast-schema-graph\">{\"@context\":\"https:\/\/schema.org\",\"@graph\":[{\"@type\":\"WebPage\",\"@id\":\"https:\/\/aikidojo.fr\/ajaccio\/cours-aikido-ajaccio-corse\",\"url\":\"https:\/\/aikidojo.fr\/ajaccio\/cours-aikido-ajaccio-corse\",\"name\":\"Cours - Cours d&#039;Aikido Fondamental \u00e0 Ajaccio\",\"isPartOf\":{\"@id\":\"https:\/\/aikidojo.fr\/ajaccio\/#website\"},\"primaryImageOfPage\":{\"@id\":\"https:\/\/aikidojo.fr\/ajaccio\/cours-aikido-ajaccio-corse#primaryimage\"},\"image\":{\"@id\":\"https:\/\/aikidojo.fr\/ajaccio\/cours-aikido-ajaccio-corse#primaryimage\"},\"thumbnailUrl\":\"https:\/\/aikidojo.fr\/ajaccio\/wp-content\/uploads\/2011\/07\/kamon_aikidojo_ajaccio.jpg\",\"datePublished\":\"2011-07-30T10:21:31+00:00\",\"dateModified\":\"2025-07-22T18:15:14+00:00\",\"breadcrumb\":{\"@id\":\"https:\/\/aikidojo.fr\/ajaccio\/cours-aikido-ajaccio-corse#breadcrumb\"},\"inLanguage\":\"fr-FR\",\"potentialAction\":[{\"@type\":\"ReadAction\",\"target\":[\"https:\/\/aikidojo.fr\/ajaccio\/cours-aikido-ajaccio-corse\"]}]},{\"@type\":\"ImageObject\",\"inLanguage\":\"fr-FR\",\"@id\":\"https:\/\/aikidojo.fr\/ajaccio\/cours-aikido-ajaccio-corse#primaryimage\",\"url\":\"https:\/\/aikidojo.fr\/ajaccio\/wp-content\/uploads\/2011\/07\/kamon_aikidojo_ajaccio.jpg\",\"contentUrl\":\"https:\/\/aikidojo.fr\/ajaccio\/wp-content\/uploads\/2011\/07\/kamon_aikidojo_ajaccio.jpg\",\"width\":150,\"height\":150},{\"@type\":\"BreadcrumbList\",\"@id\":\"https:\/\/aikidojo.fr\/ajaccio\/cours-aikido-ajaccio-corse#breadcrumb\",\"itemListElement\":[{\"@type\":\"ListItem\",\"position\":1,\"name\":\"Home\",\"item\":\"https:\/\/aikidojo.fr\/ajaccio\/\"},{\"@type\":\"ListItem\",\"position\":2,\"name\":\"Cours\"}]},{\"@type\":\"WebSite\",\"@id\":\"https:\/\/aikidojo.fr\/ajaccio\/#website\",\"url\":\"https:\/\/aikidojo.fr\/ajaccio\/\",\"name\":\"Aikido Fondamental \u00e0 Ajaccio\",\"description\":\"FAA Corse\",\"publisher\":{\"@id\":\"https:\/\/aikidojo.fr\/ajaccio\/#organization\"},\"potentialAction\":[{\"@type\":\"SearchAction\",\"target\":{\"@type\":\"EntryPoint\",\"urlTemplate\":\"https:\/\/aikidojo.fr\/ajaccio\/?s={search_term_string}\"},\"query-input\":{\"@type\":\"PropertyValueSpecification\",\"valueRequired\":true,\"valueName\":\"search_term_string\"}}],\"inLanguage\":\"fr-FR\"},{\"@type\":\"Organization\",\"@id\":\"https:\/\/aikidojo.fr\/ajaccio\/#organization\",\"name\":\"AIki Dojo Ajaccio\",\"url\":\"https:\/\/aikidojo.fr\/ajaccio\/\",\"logo\":{\"@type\":\"ImageObject\",\"inLanguage\":\"fr-FR\",\"@id\":\"https:\/\/aikidojo.fr\/ajaccio\/#\/schema\/logo\/image\/\",\"url\":\"https:\/\/aikidojo.fr\/ajaccio\/wp-content\/uploads\/2011\/07\/kamon_aikidojo_ajaccio.jpg\",\"contentUrl\":\"https:\/\/aikidojo.fr\/ajaccio\/wp-content\/uploads\/2011\/07\/kamon_aikidojo_ajaccio.jpg\",\"width\":150,\"height\":150,\"caption\":\"AIki Dojo Ajaccio\"},\"image\":{\"@id\":\"https:\/\/aikidojo.fr\/ajaccio\/#\/schema\/logo\/image\/\"},\"sameAs\":[\"https:\/\/www.facebook.com\/aikidojoajaccio\"]}]}<\/script>\n<!-- \/ Yoast SEO plugin. -->","yoast_head_json":{"title":"Cours - Cours d&#039;Aikido Fondamental \u00e0 Ajaccio","robots":{"index":"index","follow":"follow","max-snippet":"max-snippet:-1","max-image-preview":"max-image-preview:large","max-video-preview":"max-video-preview:-1"},"canonical":"https:\/\/aikidojo.fr\/ajaccio\/cours-aikido-ajaccio-corse","og_locale":"fr_FR","og_type":"article","og_title":"Cours - Cours d&#039;Aikido Fondamental \u00e0 Ajaccio","og_description":"Rendez-vous les&nbsp;lundi et jeudi soir&nbsp;au Dojo du LOGIREM sur les hauts de Bodiccione d\u00e8s 19h Vous pouvez nous rejoindre toute l&rsquo;ann\u00e9e &nbsp; &nbsp; Horaires et lieu Nos dispensons 4 cours d&rsquo;aikido traditionnel par semaine, qui ont lieu les lundi&nbsp;et les&nbsp;jeudi soir dans notre dojo priv\u00e9 &nbsp;au LOGIREM d&rsquo;Ajaccio en Corse. Il est important d&rsquo;arriver en ... Lire plus","og_url":"https:\/\/aikidojo.fr\/ajaccio\/cours-aikido-ajaccio-corse","og_site_name":"Cours d&#039;Aikido Fondamental \u00e0 Ajaccio","article_publisher":"https:\/\/www.facebook.com\/aikidojoajaccio","article_modified_time":"2025-07-22T18:15:14+00:00","og_image":[{"width":150,"height":150,"url":"https:\/\/aikidojo.fr\/ajaccio\/wp-content\/uploads\/2011\/07\/kamon_aikidojo_ajaccio.jpg","type":"image\/jpeg"}],"twitter_card":"summary_large_image","twitter_misc":{"Dur\u00e9e de lecture estim\u00e9e":"3 minutes"},"schema":{"@context":"https:\/\/schema.org","@graph":[{"@type":"WebPage","@id":"https:\/\/aikidojo.fr\/ajaccio\/cours-aikido-ajaccio-corse","url":"https:\/\/aikidojo.fr\/ajaccio\/cours-aikido-ajaccio-corse","name":"Cours - Cours d&#039;Aikido Fondamental \u00e0 Ajaccio","isPartOf":{"@id":"https:\/\/aikidojo.fr\/ajaccio\/#website"},"primaryImageOfPage":{"@id":"https:\/\/aikidojo.fr\/ajaccio\/cours-aikido-ajaccio-corse#primaryimage"},"image":{"@id":"https:\/\/aikidojo.fr\/ajaccio\/cours-aikido-ajaccio-corse#primaryimage"},"thumbnailUrl":"https:\/\/aikidojo.fr\/ajaccio\/wp-content\/uploads\/2011\/07\/kamon_aikidojo_ajaccio.jpg","datePublished":"2011-07-30T10:21:31+00:00","dateModified":"2025-07-22T18:15:14+00:00","breadcrumb":{"@id":"https:\/\/aikidojo.fr\/ajaccio\/cours-aikido-ajaccio-corse#breadcrumb"},"inLanguage":"fr-FR","potentialAction":[{"@type":"ReadAction","target":["https:\/\/aikidojo.fr\/ajaccio\/cours-aikido-ajaccio-corse"]}]},{"@type":"ImageObject","inLanguage":"fr-FR","@id":"https:\/\/aikidojo.fr\/ajaccio\/cours-aikido-ajaccio-corse#primaryimage","url":"https:\/\/aikidojo.fr\/ajaccio\/wp-content\/uploads\/2011\/07\/kamon_aikidojo_ajaccio.jpg","contentUrl":"https:\/\/aikidojo.fr\/ajaccio\/wp-content\/uploads\/2011\/07\/kamon_aikidojo_ajaccio.jpg","width":150,"height":150},{"@type":"BreadcrumbList","@id":"https:\/\/aikidojo.fr\/ajaccio\/cours-aikido-ajaccio-corse#breadcrumb","itemListElement":[{"@type":"ListItem","position":1,"name":"Home","item":"https:\/\/aikidojo.fr\/ajaccio\/"},{"@type":"ListItem","position":2,"name":"Cours"}]},{"@type":"WebSite","@id":"https:\/\/aikidojo.fr\/ajaccio\/#website","url":"https:\/\/aikidojo.fr\/ajaccio\/","name":"Aikido Fondamental \u00e0 Ajaccio","description":"FAA Corse","publisher":{"@id":"https:\/\/aikidojo.fr\/ajaccio\/#organization"},"potentialAction":[{"@type":"SearchAction","target":{"@type":"EntryPoint","urlTemplate":"https:\/\/aikidojo.fr\/ajaccio\/?s={search_term_string}"},"query-input":{"@type":"PropertyValueSpecification","valueRequired":true,"valueName":"search_term_string"}}],"inLanguage":"fr-FR"},{"@type":"Organization","@id":"https:\/\/aikidojo.fr\/ajaccio\/#organization","name":"AIki Dojo Ajaccio","url":"https:\/\/aikidojo.fr\/ajaccio\/","logo":{"@type":"ImageObject","inLanguage":"fr-FR","@id":"https:\/\/aikidojo.fr\/ajaccio\/#\/schema\/logo\/image\/","url":"https:\/\/aikidojo.fr\/ajaccio\/wp-content\/uploads\/2011\/07\/kamon_aikidojo_ajaccio.jpg","contentUrl":"https:\/\/aikidojo.fr\/ajaccio\/wp-content\/uploads\/2011\/07\/kamon_aikidojo_ajaccio.jpg","width":150,"height":150,"caption":"AIki Dojo Ajaccio"},"image":{"@id":"https:\/\/aikidojo.fr\/ajaccio\/#\/schema\/logo\/image\/"},"sameAs":["https:\/\/www.facebook.com\/aikidojoajaccio"]}]}},"_links":{"self":[{"href":"https:\/\/aikidojo.fr\/ajaccio\/wp-json\/wp\/v2\/pages\/8"}],"collection":[{"href":"https:\/\/aikidojo.fr\/ajaccio\/wp-json\/wp\/v2\/pages"}],"about":[{"href":"https:\/\/aikidojo.fr\/ajaccio\/wp-json\/wp\/v2\/types\/page"}],"author":[{"embeddable":true,"href":"https:\/\/aikidojo.fr\/ajaccio\/wp-json\/wp\/v2\/users\/1"}],"replies":[{"embeddable":true,"href":"https:\/\/aikidojo.fr\/ajaccio\/wp-json\/wp\/v2\/comments?post=8"}],"version-history":[{"count":6,"href":"https:\/\/aikidojo.fr\/ajaccio\/wp-json\/wp\/v2\/pages\/8\/revisions"}],"predecessor-version":[{"id":3435,"href":"https:\/\/aikidojo.fr\/ajaccio\/wp-json\/wp\/v2\/pages\/8\/revisions\/3435"}],"wp:featuredmedia":[{"embeddable":true,"href":"https:\/\/aikidojo.fr\/ajaccio\/wp-json\/wp\/v2\/media\/1824"}],"wp:attachment":[{"href":"https:\/\/aikidojo.fr\/ajaccio\/wp-json\/wp\/v2\/media?parent=8"}],"curies":[{"name":"wp","href":"https:\/\/api.w.org\/{rel}","templated":true}]}}