{"id":3282,"date":"2017-11-28T08:27:56","date_gmt":"2017-11-28T08:27:56","guid":{"rendered":"https:\/\/aikidojo.fr\/liffre\/?page_id=3282"},"modified":"2025-12-21T12:55:56","modified_gmt":"2025-12-21T12:55:56","slug":"lhoroscope-japonais","status":"publish","type":"page","link":"https:\/\/aikidojo.fr\/liffre\/lhoroscope-japonais\/","title":{"rendered":"L&rsquo;horoscope japonais"},"content":{"rendered":"<hr \/>\n<p style=\"text-align: justify;\"><strong><span style=\"color: #999999;\">Afin de d\u00e9couvrir votre signe, c<\/span><\/strong><strong><span style=\"color: #999999;\">liquez sur la vignette correspondant \u00e0 votre ann\u00e9e de naissance :<\/span><\/strong><\/p>\n<p><a href=\"https:\/\/aikidojo.fr\/liffre\/wp-content\/uploads\/2017\/11\/Boeuf-Ushi.pdf\" target=\"_blank\" rel=\"noopener\"><img loading=\"lazy\" decoding=\"async\" class=\"aligncenter wp-image-3308\" src=\"https:\/\/aikidojo.fr\/liffre\/wp-content\/uploads\/2017\/11\/Boeuf.jpg\" alt=\"\" width=\"500\" height=\"73\" \/><\/a><\/p>\n<p><a href=\"https:\/\/aikidojo.fr\/liffre\/wp-content\/uploads\/2017\/11\/Bouc-Hitsuji-2.pdf\" target=\"_blank\" rel=\"noopener\"><img loading=\"lazy\" decoding=\"async\" class=\"aligncenter wp-image-3309\" src=\"https:\/\/aikidojo.fr\/liffre\/wp-content\/uploads\/2017\/11\/Bouc.jpg\" alt=\"\" width=\"500\" height=\"62\" srcset=\"https:\/\/aikidojo.fr\/liffre\/wp-content\/uploads\/2017\/11\/Bouc.jpg 728w, https:\/\/aikidojo.fr\/liffre\/wp-content\/uploads\/2017\/11\/Bouc-300x37.jpg 300w, https:\/\/aikidojo.fr\/liffre\/wp-content\/uploads\/2017\/11\/Bouc-650x80.jpg 650w, https:\/\/aikidojo.fr\/liffre\/wp-content\/uploads\/2017\/11\/Bouc-500x62.jpg 500w\" sizes=\"auto, (max-width: 500px) 100vw, 500px\" \/><\/a><a href=\"https:\/\/aikidojo.fr\/liffre\/wp-content\/uploads\/2017\/11\/Cheval-Uma.pdf\" target=\"_blank\" rel=\"noopener\"><img loading=\"lazy\" decoding=\"async\" class=\"aligncenter wp-image-3310\" src=\"https:\/\/aikidojo.fr\/liffre\/wp-content\/uploads\/2017\/11\/Cheval.jpg\" alt=\"\" width=\"500\" height=\"62\" srcset=\"https:\/\/aikidojo.fr\/liffre\/wp-content\/uploads\/2017\/11\/Cheval.jpg 728w, https:\/\/aikidojo.fr\/liffre\/wp-content\/uploads\/2017\/11\/Cheval-300x37.jpg 300w, https:\/\/aikidojo.fr\/liffre\/wp-content\/uploads\/2017\/11\/Cheval-650x80.jpg 650w, https:\/\/aikidojo.fr\/liffre\/wp-content\/uploads\/2017\/11\/Cheval-500x62.jpg 500w\" sizes=\"auto, (max-width: 500px) 100vw, 500px\" \/><\/a><a href=\"https:\/\/aikidojo.fr\/liffre\/wp-content\/uploads\/2017\/11\/Chien-Inu.pdf\" target=\"_blank\" rel=\"noopener\"><img loading=\"lazy\" decoding=\"async\" class=\"aligncenter wp-image-3319\" src=\"https:\/\/aikidojo.fr\/liffre\/wp-content\/uploads\/2017\/11\/Chien.jpg\" alt=\"\" width=\"500\" height=\"62\" srcset=\"https:\/\/aikidojo.fr\/liffre\/wp-content\/uploads\/2017\/11\/Chien.jpg 728w, https:\/\/aikidojo.fr\/liffre\/wp-content\/uploads\/2017\/11\/Chien-300x37.jpg 300w, https:\/\/aikidojo.fr\/liffre\/wp-content\/uploads\/2017\/11\/Chien-650x80.jpg 650w, https:\/\/aikidojo.fr\/liffre\/wp-content\/uploads\/2017\/11\/Chien-500x62.jpg 500w\" sizes=\"auto, (max-width: 500px) 100vw, 500px\" \/><\/a><a href=\"https:\/\/aikidojo.fr\/liffre\/wp-content\/uploads\/2017\/11\/Coq-Tori-2.pdf\" target=\"_blank\" rel=\"noopener\"><img loading=\"lazy\" decoding=\"async\" class=\"aligncenter wp-image-3311\" src=\"https:\/\/aikidojo.fr\/liffre\/wp-content\/uploads\/2017\/11\/Coq.jpg\" alt=\"\" width=\"500\" height=\"62\" srcset=\"https:\/\/aikidojo.fr\/liffre\/wp-content\/uploads\/2017\/11\/Coq.jpg 728w, https:\/\/aikidojo.fr\/liffre\/wp-content\/uploads\/2017\/11\/Coq-300x37.jpg 300w, https:\/\/aikidojo.fr\/liffre\/wp-content\/uploads\/2017\/11\/Coq-650x80.jpg 650w, https:\/\/aikidojo.fr\/liffre\/wp-content\/uploads\/2017\/11\/Coq-500x62.jpg 500w\" sizes=\"auto, (max-width: 500px) 100vw, 500px\" \/><\/a><a href=\"https:\/\/aikidojo.fr\/liffre\/wp-content\/uploads\/2017\/11\/Dragon-Tatsu.pdf\" target=\"_blank\" rel=\"noopener\"><img loading=\"lazy\" decoding=\"async\" class=\"aligncenter wp-image-3312\" src=\"https:\/\/aikidojo.fr\/liffre\/wp-content\/uploads\/2017\/11\/Dragon.jpg\" alt=\"\" width=\"500\" height=\"62\" srcset=\"https:\/\/aikidojo.fr\/liffre\/wp-content\/uploads\/2017\/11\/Dragon.jpg 728w, https:\/\/aikidojo.fr\/liffre\/wp-content\/uploads\/2017\/11\/Dragon-300x37.jpg 300w, https:\/\/aikidojo.fr\/liffre\/wp-content\/uploads\/2017\/11\/Dragon-650x80.jpg 650w, https:\/\/aikidojo.fr\/liffre\/wp-content\/uploads\/2017\/11\/Dragon-500x62.jpg 500w\" sizes=\"auto, (max-width: 500px) 100vw, 500px\" \/><\/a><a href=\"https:\/\/aikidojo.fr\/liffre\/wp-content\/uploads\/2017\/11\/Li\u00e8vre-Usagi.pdf\" target=\"_blank\" rel=\"noopener\"><img loading=\"lazy\" decoding=\"async\" class=\"aligncenter wp-image-3313\" src=\"https:\/\/aikidojo.fr\/liffre\/wp-content\/uploads\/2017\/11\/Li\u00e8vre.jpg\" alt=\"\" width=\"500\" height=\"62\" srcset=\"https:\/\/aikidojo.fr\/liffre\/wp-content\/uploads\/2017\/11\/Li\u00e8vre.jpg 728w, https:\/\/aikidojo.fr\/liffre\/wp-content\/uploads\/2017\/11\/Li\u00e8vre-300x37.jpg 300w, https:\/\/aikidojo.fr\/liffre\/wp-content\/uploads\/2017\/11\/Li\u00e8vre-650x80.jpg 650w, https:\/\/aikidojo.fr\/liffre\/wp-content\/uploads\/2017\/11\/Li\u00e8vre-500x62.jpg 500w\" sizes=\"auto, (max-width: 500px) 100vw, 500px\" \/><\/a><a href=\"https:\/\/aikidojo.fr\/liffre\/wp-content\/uploads\/2017\/11\/Rat-Nezumi-1.pdf\" target=\"_blank\" rel=\"noopener\"><img loading=\"lazy\" decoding=\"async\" class=\"aligncenter wp-image-3385\" src=\"https:\/\/aikidojo.fr\/liffre\/wp-content\/uploads\/2017\/11\/Rat-1.jpg\" alt=\"\" width=\"500\" height=\"62\" srcset=\"https:\/\/aikidojo.fr\/liffre\/wp-content\/uploads\/2017\/11\/Rat-1.jpg 728w, https:\/\/aikidojo.fr\/liffre\/wp-content\/uploads\/2017\/11\/Rat-1-300x37.jpg 300w, https:\/\/aikidojo.fr\/liffre\/wp-content\/uploads\/2017\/11\/Rat-1-650x80.jpg 650w, https:\/\/aikidojo.fr\/liffre\/wp-content\/uploads\/2017\/11\/Rat-1-500x62.jpg 500w\" sizes=\"auto, (max-width: 500px) 100vw, 500px\" \/><\/a><a href=\"https:\/\/aikidojo.fr\/liffre\/wp-content\/uploads\/2017\/11\/Sanglier-Inoshishi.pdf\" target=\"_blank\" rel=\"noopener\"><img loading=\"lazy\" decoding=\"async\" class=\"aligncenter wp-image-3315\" src=\"https:\/\/aikidojo.fr\/liffre\/wp-content\/uploads\/2017\/11\/Sanglier.jpg\" alt=\"\" width=\"500\" height=\"62\" srcset=\"https:\/\/aikidojo.fr\/liffre\/wp-content\/uploads\/2017\/11\/Sanglier.jpg 728w, https:\/\/aikidojo.fr\/liffre\/wp-content\/uploads\/2017\/11\/Sanglier-300x37.jpg 300w, https:\/\/aikidojo.fr\/liffre\/wp-content\/uploads\/2017\/11\/Sanglier-650x80.jpg 650w, https:\/\/aikidojo.fr\/liffre\/wp-content\/uploads\/2017\/11\/Sanglier-500x62.jpg 500w\" sizes=\"auto, (max-width: 500px) 100vw, 500px\" \/><\/a><a href=\"https:\/\/aikidojo.fr\/liffre\/wp-content\/uploads\/2017\/11\/Serpent-Hebi.pdf\" target=\"_blank\" rel=\"noopener\"><img loading=\"lazy\" decoding=\"async\" class=\"aligncenter wp-image-3316\" src=\"https:\/\/aikidojo.fr\/liffre\/wp-content\/uploads\/2017\/11\/Serpent.jpg\" alt=\"\" width=\"500\" height=\"62\" srcset=\"https:\/\/aikidojo.fr\/liffre\/wp-content\/uploads\/2017\/11\/Serpent.jpg 728w, https:\/\/aikidojo.fr\/liffre\/wp-content\/uploads\/2017\/11\/Serpent-300x37.jpg 300w, https:\/\/aikidojo.fr\/liffre\/wp-content\/uploads\/2017\/11\/Serpent-650x80.jpg 650w, https:\/\/aikidojo.fr\/liffre\/wp-content\/uploads\/2017\/11\/Serpent-500x62.jpg 500w\" sizes=\"auto, (max-width: 500px) 100vw, 500px\" \/><\/a><a href=\"https:\/\/aikidojo.fr\/liffre\/wp-content\/uploads\/2017\/11\/Singe-Saru.pdf\" target=\"_blank\" rel=\"noopener\"><img loading=\"lazy\" decoding=\"async\" class=\"aligncenter wp-image-3317\" src=\"https:\/\/aikidojo.fr\/liffre\/wp-content\/uploads\/2017\/11\/Singe.jpg\" alt=\"\" width=\"500\" height=\"62\" srcset=\"https:\/\/aikidojo.fr\/liffre\/wp-content\/uploads\/2017\/11\/Singe.jpg 728w, https:\/\/aikidojo.fr\/liffre\/wp-content\/uploads\/2017\/11\/Singe-300x37.jpg 300w, https:\/\/aikidojo.fr\/liffre\/wp-content\/uploads\/2017\/11\/Singe-650x80.jpg 650w, https:\/\/aikidojo.fr\/liffre\/wp-content\/uploads\/2017\/11\/Singe-500x62.jpg 500w\" sizes=\"auto, (max-width: 500px) 100vw, 500px\" \/><\/a><a href=\"https:\/\/aikidojo.fr\/liffre\/wp-content\/uploads\/2017\/11\/Tigre-Tora-1.pdf\" target=\"_blank\" rel=\"noopener\"><img loading=\"lazy\" decoding=\"async\" class=\"aligncenter wp-image-10951\" src=\"https:\/\/aikidojo.fr\/liffre\/wp-content\/uploads\/2025\/12\/Tigre.png\" alt=\"\" width=\"512\" height=\"74\" \/><\/a><\/p>\n","protected":false},"excerpt":{"rendered":"<p>Afin de d\u00e9couvrir votre signe, cliquez sur la vignette correspondant \u00e0 votre ann\u00e9e de naissance :<\/p>\n","protected":false},"author":3,"featured_media":3362,"parent":0,"menu_order":0,"comment_status":"closed","ping_status":"closed","template":"","meta":{"_monsterinsights_skip_tracking":false,"_monsterinsights_sitenote_active":false,"_monsterinsights_sitenote_note":"","_monsterinsights_sitenote_category":0,"footnotes":""},"class_list":["post-3282","page","type-page","status-publish","has-post-thumbnail","hentry"],"_links":{"self":[{"href":"https:\/\/aikidojo.fr\/liffre\/wp-json\/wp\/v2\/pages\/3282","targetHints":{"allow":["GET"]}}],"collection":[{"href":"https:\/\/aikidojo.fr\/liffre\/wp-json\/wp\/v2\/pages"}],"about":[{"href":"https:\/\/aikidojo.fr\/liffre\/wp-json\/wp\/v2\/types\/page"}],"author":[{"embeddable":true,"href":"https:\/\/aikidojo.fr\/liffre\/wp-json\/wp\/v2\/users\/3"}],"replies":[{"embeddable":true,"href":"https:\/\/aikidojo.fr\/liffre\/wp-json\/wp\/v2\/comments?post=3282"}],"version-history":[{"count":6,"href":"https:\/\/aikidojo.fr\/liffre\/wp-json\/wp\/v2\/pages\/3282\/revisions"}],"predecessor-version":[{"id":10955,"href":"https:\/\/aikidojo.fr\/liffre\/wp-json\/wp\/v2\/pages\/3282\/revisions\/10955"}],"wp:featuredmedia":[{"embeddable":true,"href":"https:\/\/aikidojo.fr\/liffre\/wp-json\/wp\/v2\/media\/3362"}],"wp:attachment":[{"href":"https:\/\/aikidojo.fr\/liffre\/wp-json\/wp\/v2\/media?parent=3282"}],"curies":[{"name":"wp","href":"https:\/\/api.w.org\/{rel}","templated":true}]}}