{"id":46,"date":"2011-10-29T15:24:18","date_gmt":"2011-10-29T15:24:18","guid":{"rendered":"https:\/\/aikidojo.fr\/liffre\/?page_id=46"},"modified":"2026-02-10T16:15:13","modified_gmt":"2026-02-10T16:15:13","slug":"inscriptions","status":"publish","type":"page","link":"https:\/\/aikidojo.fr\/liffre\/inscriptions\/","title":{"rendered":"Inscriptions"},"content":{"rendered":"<hr \/>\n<h2><span style=\"color: #e3a229;\"><strong><span class=\"Apple-style-span\" style=\"font-size: 20px;\"><span style=\"color: #d62929;\">Modalit\u00e9s d&rsquo;inscription\u00a0 \u00a0<\/span><\/span><\/strong><\/span><\/h2>\n<p><span style=\"color: #999999;\"><strong>Tenue n\u00e9cessaire \u00e0 la pratique : keikogi, obi et zoris.<\/strong>\u00a0 \u00a0\u00a0<\/span><\/p>\n<p style=\"text-align: justify;\"><span style=\"color: #999999;\"><strong>IMPORTANT<\/strong> : <\/span><span style=\"color: #999999;\">Deux s\u00e9ances d&rsquo;essai gratuites seront autoris\u00e9es, uniquement pour toute nouvelle inscription, sous r\u00e9serve d&rsquo;en faire la demande en compl\u00e9tant obligatoirement le formulaire d\u00e9di\u00e9 en bas de page.\u00a0<\/span><\/p>\n<p><img loading=\"lazy\" decoding=\"async\" class=\"aligncenter wp-image-10980 size-full\" src=\"https:\/\/aikidojo.fr\/liffre\/wp-content\/uploads\/2026\/01\/Jeunes-Liffre.jpg\" alt=\"\" width=\"848\" height=\"1200\" srcset=\"https:\/\/aikidojo.fr\/liffre\/wp-content\/uploads\/2026\/01\/Jeunes-Liffre.jpg 848w, https:\/\/aikidojo.fr\/liffre\/wp-content\/uploads\/2026\/01\/Jeunes-Liffre-212x300.jpg 212w, https:\/\/aikidojo.fr\/liffre\/wp-content\/uploads\/2026\/01\/Jeunes-Liffre-459x650.jpg 459w, https:\/\/aikidojo.fr\/liffre\/wp-content\/uploads\/2026\/01\/Jeunes-Liffre-768x1087.jpg 768w\" sizes=\"auto, (max-width: 848px) 100vw, 848px\" \/><\/p>\n<p style=\"text-align: center;\">___________________<\/p>\n<p><strong><span style=\"color: #999999;\">\u21d2 Documents \u00e0 joindre obligatoirement au dossier :<\/span><\/strong><\/p>\n<ul>\n<li><span style=\"color: #999999;\">Certificat m\u00e9dical \u00e9tabli par votre m\u00e9decin ou<\/span><span style=\"color: #3366ff;\"> <a href=\"https:\/\/aikidojo.fr\/liffre\/wp-content\/uploads\/2018\/09\/Certificat-m\u00e9dical-Ufolep.pdf\" target=\"_blank\" rel=\"noopener noreferrer\">Certificat m\u00e9dical Ufolep<\/a><\/span><span style=\"color: #999999;\">\u00a0<\/span><\/li>\n<li><span style=\"color: #ff0000;\">ou<\/span><span style=\"color: #999999;\">\u00a0<\/span><span style=\"color: #3366ff;\"><a href=\"https:\/\/aikidojo.fr\/liffre\/wp-content\/uploads\/2022\/10\/Questionnaire-de-sante-_-attestation-_adultes.pdf\" target=\"_blank\" rel=\"noopener\">Questionnaire de sant\u00e9 Adultes<\/a> \/ <a href=\"https:\/\/aikidojo.fr\/liffre\/wp-content\/uploads\/2022\/10\/Questionnaire-de-sante_attestation_mineurs.pdf\" target=\"_blank\" rel=\"noopener\">Questionnaire de sant\u00e9 Mineurs<\/a><\/span><\/li>\n<li><span style=\"color: #999999;\">Photo d&rsquo;identit\u00e9\u00a0<\/span><\/li>\n<\/ul>\n<p style=\"text-align: justify;\"><em><span style=\"color: #999999;\">* Le certificat m\u00e9dical ainsi que la photo d&rsquo;identit\u00e9 sont \u00e0 t\u00e9l\u00e9verser dans le dossier d&rsquo;inscription, pensez \u00e0 t\u00e9l\u00e9charger ces documents avant de commencer \u00e0 remplir le formulaire\u00a0 en ligne.<\/span><\/em><\/p>\n<p style=\"text-align: center;\">___________________<\/p>\n<p><span style=\"color: #999999;\"><strong>\u21d2 Tarif annuel 2025\/2026\u00a0 :\u00a0 \u00a0 \u00a0 \u00a0 \u00a0 \u00a0 \u00a0 \u00a0 \u00a0 \u00a0 \u00a0 \u00a0 \u00a0 \u00a0 \u00a0 \u00a0 \u00a0 \u00a0 \u00a0 \u00a0 \u00a0 \u00a0 \u00a0 \u00a0 \u00a0 \u00a0 \u00a0 \u00a0 \u00a0 \u00a0 \u00a0 \u00a0 \u00a0 \u00a0 \u00a0 \u00a0 \u00a0 \u00a0 \u00a0 \u00a0 \u00a0 \u00a0 \u00a0 \u00a0<\/strong><em style=\"font-size: revert; text-align: justify;\">assurance Ufolep (offre de base Individuelle Accidents) et adh\u00e9sion comprises<\/em><\/span><\/p>\n<p style=\"text-align: justify;\"><em><span style=\"color: #999999;\">R\u00e9duction de 20 \u20ac si vous \u00eates d\u00e9j\u00e0 adh\u00e9rent de l&rsquo;Ufolep (<strong style=\"color: #999999;\">U<\/strong>nion <strong style=\"color: #999999;\">f<\/strong>ran\u00e7aise des <b>\u0153<\/b>uvres\u00a0<strong style=\"color: #999999;\">l<\/strong>a\u00efques d&rsquo;<strong style=\"color: #999999;\">\u00e9<\/strong>ducation <strong style=\"color: #999999;\">p<\/strong>hysique) au sein d&rsquo;une autre association.<\/span><\/em><\/p>\n<ul>\n<li><span style=\"color: #999999;\">Enfants\/Pr\u00e9-ados\u00a0 \u00a0 \u00a0 \u00a0 \u00a0 \u00a0 \u00a0 \u00a0 \u00a0 \u00a0 \u00a0 \u00a050 \u20ac<\/span><\/li>\n<li><span style=\"color: #999999;\">Etudiants\u00a0 \u00a0 \u00a0 \u00a0 \u00a0 \u00a0 \u00a0 \u00a0 \u00a0 \u00a0 \u00a0 \u00a0 \u00a0 \u00a0 \u00a0 \u00a0 \u00a0 \u00a0 70 \u20ac<\/span><\/li>\n<li><span style=\"color: #999999;\">Adultes\u00a0 \u00a0 \u00a0 \u00a0 \u00a0 \u00a0 \u00a0 \u00a0 \u00a0 \u00a0 \u00a0 \u00a0 \u00a0 \u00a0 \u00a0 \u00a0 \u00a0 \u00a0 \u00a0100 \u20ac\u00a0<\/span><\/li>\n<\/ul>\n<p style=\"text-align: justify;\"><span style=\"color: #999999;\">Une garantie suppl\u00e9mentaire d&rsquo;assurance Individuelle Accidents (deux options au choix) peut \u00e9galement \u00eatre souscrite lors de l&rsquo;adh\u00e9sion au Dojo.\u00a0<\/span><\/p>\n<p style=\"text-align: center;\">___________________<\/p>\n<p><span style=\"color: #999999;\"><strong>\u21d2 Modes de paiement accept\u00e9s :<\/strong><\/span><\/p>\n<ul>\n<li><span style=\"color: #999999;\">Esp\u00e8ces\u00a0 \u00a0 \u00a0 \u00a0 \u00a0 \u00a0 \u00a0 \u00a0 \u00a0 \u00a0 \u00a0 \u00a0<\/span><\/li>\n<li><span style=\"color: #999999;\">Ch\u00e8que bancaire\u00a0 \u00a0 \u00a0 \u00a0 \u00a0 \u00a0 \u00a0 \u00a0 \u00a0 \u00a0 \u00a0 \u00a0 \u00a0 \u00a0 \u00a0 \u00a0 \u00a0<\/span><\/li>\n<\/ul>\n<p style=\"text-align: center;\">__________________<\/p>\n<p style=\"text-align: justify;\"><strong><span style=\"color: #999999;\">\u21d2 Formulaire d&rsquo;inscription :<\/span><\/strong><\/p>\n<p><span style=\"color: #999999;\">\u00a0 \u00a0 \u00a0Remplissez le formulaire et proc\u00e9dez \u00e0 votre inscription directe en ligne.<\/span><\/p>\n<p style=\"text-align: justify;\"><a href=\"https:\/\/docs.google.com\/forms\/d\/e\/1FAIpQLSdnEKpDUfmFx13l9TuJe-ozQ0JG3MU5wBhIsPdg7g_LponXgw\/viewform\" target=\"_blank\" rel=\"noopener\"><img loading=\"lazy\" decoding=\"async\" class=\"aligncenter wp-image-8693\" src=\"https:\/\/aikidojo.fr\/liffre\/wp-content\/uploads\/2022\/09\/Inscription.gif\" alt=\"\" width=\"210\" height=\"110\" \/><\/a><\/p>\n<h2><\/h2>\n<p><a href=\"#\"><img loading=\"lazy\" decoding=\"async\" class=\"alignright wp-image-184\" src=\"http:\/\/martinporet.files.wordpress.com\/2014\/08\/fleche_haut_gris.png\" alt=\"Retour vers le haut\" width=\"32\" height=\"32\" \/><\/a><\/p>\n","protected":false},"excerpt":{"rendered":"<p>Modalit\u00e9s d&rsquo;inscription\u00a0 \u00a0 Tenue n\u00e9cessaire \u00e0 la pratique : keikogi, obi et zoris.\u00a0 \u00a0\u00a0 IMPORTANT : Deux s\u00e9ances d&rsquo;essai gratuites seront autoris\u00e9es, uniquement pour toute nouvelle inscription, sous r\u00e9serve d&rsquo;en faire la demande en compl\u00e9tant obligatoirement le formulaire d\u00e9di\u00e9 en &hellip; <a href=\"https:\/\/aikidojo.fr\/liffre\/inscriptions\/\">Continuer la lecture <span class=\"meta-nav\">&rarr;<\/span><\/a><\/p>\n","protected":false},"author":1,"featured_media":9572,"parent":0,"menu_order":4,"comment_status":"closed","ping_status":"closed","template":"","meta":{"_monsterinsights_skip_tracking":false,"_monsterinsights_sitenote_active":false,"_monsterinsights_sitenote_note":"","_monsterinsights_sitenote_category":0,"footnotes":""},"class_list":["post-46","page","type-page","status-publish","has-post-thumbnail","hentry"],"_links":{"self":[{"href":"https:\/\/aikidojo.fr\/liffre\/wp-json\/wp\/v2\/pages\/46","targetHints":{"allow":["GET"]}}],"collection":[{"href":"https:\/\/aikidojo.fr\/liffre\/wp-json\/wp\/v2\/pages"}],"about":[{"href":"https:\/\/aikidojo.fr\/liffre\/wp-json\/wp\/v2\/types\/page"}],"author":[{"embeddable":true,"href":"https:\/\/aikidojo.fr\/liffre\/wp-json\/wp\/v2\/users\/1"}],"replies":[{"embeddable":true,"href":"https:\/\/aikidojo.fr\/liffre\/wp-json\/wp\/v2\/comments?post=46"}],"version-history":[{"count":6,"href":"https:\/\/aikidojo.fr\/liffre\/wp-json\/wp\/v2\/pages\/46\/revisions"}],"predecessor-version":[{"id":11058,"href":"https:\/\/aikidojo.fr\/liffre\/wp-json\/wp\/v2\/pages\/46\/revisions\/11058"}],"wp:featuredmedia":[{"embeddable":true,"href":"https:\/\/aikidojo.fr\/liffre\/wp-json\/wp\/v2\/media\/9572"}],"wp:attachment":[{"href":"https:\/\/aikidojo.fr\/liffre\/wp-json\/wp\/v2\/media?parent=46"}],"curies":[{"name":"wp","href":"https:\/\/api.w.org\/{rel}","templated":true}]}}