{"id":8,"date":"2013-04-01T12:00:50","date_gmt":"2013-04-01T12:00:50","guid":{"rendered":"https:\/\/aikidojo.fr\/liffre\/?page_id=8"},"modified":"2026-01-14T09:53:45","modified_gmt":"2026-01-14T09:53:45","slug":"pratiquer","status":"publish","type":"page","link":"https:\/\/aikidojo.fr\/liffre\/pratiquer\/","title":{"rendered":"O\u00f9 et quand pratiquer ?"},"content":{"rendered":"<hr \/>\n<p><span style=\"color: #808080;\"><strong>Retrouvez les informations relatives aux cours :\u00a0\u00a0<\/strong><\/span><\/p>\n<h2><span class=\"Apple-style-span\" style=\"font-size: 20px; font-weight: bold; color: #d62929;\">Saison 2025-2026<\/span><\/h2>\n<p style=\"text-align: justify;\"><span style=\"color: #999999;\"><strong><span style=\"font-size: 11pt; font-family: Helvetica, sans-serif;\">Nous sommes toujours tr\u00e8s heureux de pouvoir accueillir de nouveaux membres et pratiquants !<\/span><\/strong><\/span><\/p>\n<p style=\"text-align: justify;\"><img loading=\"lazy\" decoding=\"async\" class=\"wp-image-4989 alignleft\" src=\"https:\/\/aikidojo.fr\/liffre\/wp-content\/uploads\/2018\/09\/Rentree_2018_2019_053_20-septembre-2018.gif\" alt=\"\" width=\"158\" height=\"108\" \/><\/p>\n<p style=\"text-align: justify;\"><span style=\"color: #999999; font-size: revert;\">Si vous souhaitez nous rejoindre, n&rsquo;h\u00e9sitez pas \u00e0 venir nous rencontrer au Dojo du Complexe Sportif Jules Ferry de Liffr\u00e9, aux horaires des cours, le mardi et le jeudi, en p\u00e9riode scolaire.\u00a0<\/span><\/p>\n<hr \/>\n<h2><span class=\"Apple-style-span\" style=\"font-size: 20px; font-weight: bold;\"><span style=\"color: #d62929;\">Horaires des cours<\/span><span style=\"color: #e3a229;\"><img loading=\"lazy\" decoding=\"async\" class=\"alignright wp-image-2418\" src=\"https:\/\/aikidojo.fr\/liffre\/wp-content\/uploads\/2017\/05\/HORLOGE-ROUGE-150x150.jpg\" alt=\"\" width=\"107\" height=\"107\" srcset=\"https:\/\/aikidojo.fr\/liffre\/wp-content\/uploads\/2017\/05\/HORLOGE-ROUGE-150x150.jpg 150w, https:\/\/aikidojo.fr\/liffre\/wp-content\/uploads\/2017\/05\/HORLOGE-ROUGE-300x300.jpg 300w, https:\/\/aikidojo.fr\/liffre\/wp-content\/uploads\/2017\/05\/HORLOGE-ROUGE.jpg 324w\" sizes=\"auto, (max-width: 107px) 100vw, 107px\" \/><\/span><\/span><\/h2>\n<p><span style=\"color: #999999;\"><strong>MARDI<\/strong><\/span><\/p>\n<ul>\n<li><span style=\"color: #999999;\">20h45 \u00e0 22h15<br \/>\n<b>Cours tous niveaux Adultes<\/b><br \/>\nTaijutsu<\/span><\/li>\n<\/ul>\n<ul>\n<li><span style=\"color: #999999;\">22h15 \u00e0 22h30<strong><br \/>\nCours niveaux avanc\u00e9s<\/strong><strong><br \/>\n<\/strong> (3\u00e8me kyu et plus)<\/span><\/li>\n<\/ul>\n<h2><span style=\"color: #999999;\">JEUDI<\/span><\/h2>\n<ul>\n<li><span style=\"color: #999999;\">18h00 \u00e0 19h30<img loading=\"lazy\" decoding=\"async\" class=\"alignright wp-image-4065\" src=\"https:\/\/aikidojo.fr\/liffre\/wp-content\/uploads\/2018\/05\/Kata13.gif\" alt=\"\" width=\"309\" height=\"234\" \/><\/span><br \/>\n<span style=\"color: #999999;\"> <strong>Cours Enfants\/Pr\u00e9-ados<\/strong><br \/>\n(\u00e0 partir de 7 ans)<\/span><\/li>\n<\/ul>\n<ul>\n<li><span style=\"color: #999999;\">19h30 \u00e0 21h30<br \/>\n<b>Cours tous niveaux Adultes<\/b><br \/>\nTaijutsu \/ Bukiwaza<br \/>\n<\/span><\/li>\n<\/ul>\n<ul>\n<li><span style=\"color: #999999;\">21h30 \u00e0 22h00<\/span><br \/>\n<span style=\"color: #999999;\"> <strong>Cours niveaux avanc\u00e9s<\/strong><br \/>\n<\/span><\/li>\n<\/ul>\n<hr \/>\n<h2><span class=\"Apple-style-span\" style=\"font-size: 20px; font-weight: bold;\"><span style=\"color: #e3a229;\"><span style=\"color: #d62929;\">Plan d&rsquo;acc\u00e8s et g\u00e9olocalisation\u00a0<\/span><br \/>\n<\/span><\/span><\/h2>\n<p style=\"margin: 0cm 0cm 0.0001pt; font-variant-ligatures: normal; font-variant-caps: normal; orphans: 2; text-align: start; widows: 2; -webkit-text-stroke-width: 0px; word-spacing: 0px; padding-left: 30px;\"><span style=\"font-size: 11.5pt; font-family: Helvetica, sans-serif; color: #999999;\">\u00a0 \u00a0 \u00a0 \u00a0<\/span><\/p>\n<p style=\"margin: 0cm 0cm 0.0001pt; padding-left: 90px;\"><span style=\"color: #999999;\"><strong><a href=\"https:\/\/aikidojo.fr\/liffre\/wp-content\/uploads\/2026\/01\/logo-noir-rouge.png\" target=\"_blank\" rel=\"noopener noreferrer\"><img loading=\"lazy\" decoding=\"async\" class=\"wp-image-10967  alignleft\" src=\"https:\/\/aikidojo.fr\/liffre\/wp-content\/uploads\/2026\/01\/logo-noir-rouge.png\" alt=\"\" width=\"45\" height=\"48\" srcset=\"https:\/\/aikidojo.fr\/liffre\/wp-content\/uploads\/2026\/01\/logo-noir-rouge.png 6424w, https:\/\/aikidojo.fr\/liffre\/wp-content\/uploads\/2026\/01\/logo-noir-rouge-282x300.png 282w, https:\/\/aikidojo.fr\/liffre\/wp-content\/uploads\/2026\/01\/logo-noir-rouge-611x650.png 611w, https:\/\/aikidojo.fr\/liffre\/wp-content\/uploads\/2026\/01\/logo-noir-rouge-768x817.png 768w, https:\/\/aikidojo.fr\/liffre\/wp-content\/uploads\/2026\/01\/logo-noir-rouge-1444x1536.png 1444w, https:\/\/aikidojo.fr\/liffre\/wp-content\/uploads\/2026\/01\/logo-noir-rouge-1926x2048.png 1926w\" sizes=\"auto, (max-width: 45px) 100vw, 45px\" \/><\/a>Dojo Liffr\u00e9en d\u2019A\u00efkido<\/strong>\u00a0 \u00a0 \u00a0 \u00a0 \u00a0 \u00a0 \u00a0 \u00a0 \u00a0 \u00a0 \u00a0 \u00a0 \u00a0 \u00a0 \u00a0 \u00a0 \u00a0 \u00a0 \u00a0 \u00a0 \u00a0 \u00a0 \u00a0\u00a0<\/span><\/p>\n<p style=\"margin: 0cm 0cm 0.0001pt; font-variant-ligatures: normal; font-variant-caps: normal; orphans: 2; text-align: start; widows: 2; -webkit-text-stroke-width: 0px; word-spacing: 0px; padding-left: 30px;\"><span style=\"font-size: 11.5pt; font-family: Helvetica, sans-serif; color: #999999;\">Complexe Sportif &#8211; Avenue Jules Ferry<\/span><\/p>\n<p style=\"margin: 0cm 0cm 0.0001pt; font-variant-ligatures: normal; font-variant-caps: normal; orphans: 2; text-align: start; widows: 2; -webkit-text-stroke-width: 0px; word-spacing: 0px; padding-left: 30px;\"><span style=\"font-size: 11.5pt; font-family: Helvetica, sans-serif; color: #999999;\">35340 LIFFR\u00c9\u00a0 \u00a0 \u00a0<\/span><\/p>\n<p style=\"margin: 0cm 0cm 0.0001pt; font-variant-ligatures: normal; font-variant-caps: normal; orphans: 2; text-align: start; widows: 2; -webkit-text-stroke-width: 0px; word-spacing: 0px; padding-left: 30px;\"><span style=\"font-size: 11.5pt; font-family: Helvetica, sans-serif; color: #999999;\"> \u00a0 \u00a0 \u00a0 \u00a0 \u00a0 \u00a0 \u00a0 \u00a0 \u00a0 \u00a0 \u00a0 \u00a0 \u00a0 \u00a0 \u00a0 \u00a0 \u00a0 \u00a0 \u00a0 \u00a0 \u00a0 \u00a0 \u00a0 \u00a0 \u00a0 \u00a0<\/span><\/p>\n<p style=\"margin: 0cm 0cm 0.0001pt; padding-left: 90px;\"><span style=\"color: #999999;\"><span style=\"font-size: 11.5pt; font-family: Helvetica, sans-serif; color: #999999;\"><a href=\"https:\/\/www.google.com\/maps\/place\/Dojo+Liffr%C3%A9en+d'A%C3%AFkido\/@48.2102276,-1.5101843,17z\/data=!3m1!4b1!4m5!3m4!1s0x480ed1c7dd202f67:0xc1c19420a4cc1673!8m2!3d48.2102276!4d-1.5079956?hl=fr\" target=\"_blank\" rel=\"noopener noreferrer\"><img loading=\"lazy\" decoding=\"async\" class=\"alignleft wp-image-7248\" src=\"https:\/\/aikidojo.fr\/liffre\/wp-content\/uploads\/2019\/11\/google-300x300-150x150.png\" alt=\"\" width=\"45\" height=\"45\" srcset=\"https:\/\/aikidojo.fr\/liffre\/wp-content\/uploads\/2019\/11\/google-300x300-150x150.png 150w, https:\/\/aikidojo.fr\/liffre\/wp-content\/uploads\/2019\/11\/google-300x300.png 300w\" sizes=\"auto, (max-width: 45px) 100vw, 45px\" \/><\/a>Coordonn\u00e9es GPS<\/span><\/span><\/p>\n<p style=\"margin: 0cm 0cm 0.0001pt; font-variant-ligatures: normal; font-variant-caps: normal; orphans: 2; text-align: start; widows: 2; -webkit-text-stroke-width: 0px; word-spacing: 0px; padding-left: 30px;\"><span style=\"font-size: 11.5pt; font-family: Helvetica, sans-serif; color: #999999;\"><span style=\"color: #999999;\">48\u00b012\u201936.1\u2033N 1\u00b030\u201929.4\u2033W<\/span> <\/span><span style=\"font-size: 11.5pt; font-family: Helvetica, sans-serif; color: #999999;\">\u00a0 \u00a0 \u00a0 \u00a0 \u00a0 \u00a0 \u00a0 \u00a0 \u00a0 \u00a0 \u00a0 \u00a0 \u00a0 \u00a0 \u00a0 \u00a0 \u00a0 \u00a0 \u00a0 \u00a0 \u00a0 \u00a0 \u00a0 \u00a0 \u00a0 \u00a0\u00a0<\/span><\/p>\n<p style=\"margin: 0cm 0cm 0.0001pt; font-variant-ligatures: normal; font-variant-caps: normal; orphans: 2; text-align: start; widows: 2; -webkit-text-stroke-width: 0px; word-spacing: 0px; padding-left: 30px;\"><span style=\"font-size: 11.5pt; font-family: Helvetica, sans-serif; color: #999999;\"><span style=\"color: #999999;\">(48.210019, -1.508169)<\/span> \u00a0<\/span><\/p>\n<p style=\"margin: 0cm 0cm 0.0001pt; font-variant-ligatures: normal; font-variant-caps: normal; orphans: 2; text-align: start; widows: 2; -webkit-text-stroke-width: 0px; word-spacing: 0px; padding-left: 90px;\"><span style=\"font-size: 11.5pt; font-family: Helvetica, sans-serif; color: #999999;\">\u00a0 \u00a0 \u00a0 \u00a0 \u00a0 \u00a0 \u00a0 \u00a0 \u00a0\u00a0<span style=\"color: #999999;\"><br \/>\n<\/span><\/span><span style=\"color: #999999;\"><a href=\"https:\/\/www.google.fr\/maps\/@48.2107013,-1.5071763,3a,30y,211.72h,93.59t\/data=!3m6!1e1!3m4!1svJ1_ZpqRxx1iRmQkLs_UzQ!2e0!7i13312!8i6656\" target=\"_blank\" rel=\"noopener noreferrer\"><img loading=\"lazy\" decoding=\"async\" class=\"alignleft wp-image-4130\" src=\"https:\/\/aikidojo.fr\/liffre\/wp-content\/uploads\/2018\/05\/Dojo.png\" alt=\"\" width=\"45\" height=\"45\" srcset=\"https:\/\/aikidojo.fr\/liffre\/wp-content\/uploads\/2018\/05\/Dojo.png 1667w, https:\/\/aikidojo.fr\/liffre\/wp-content\/uploads\/2018\/05\/Dojo-150x150.png 150w, https:\/\/aikidojo.fr\/liffre\/wp-content\/uploads\/2018\/05\/Dojo-300x300.png 300w, https:\/\/aikidojo.fr\/liffre\/wp-content\/uploads\/2018\/05\/Dojo-768x768.png 768w, https:\/\/aikidojo.fr\/liffre\/wp-content\/uploads\/2018\/05\/Dojo-650x650.png 650w\" sizes=\"auto, (max-width: 45px) 100vw, 45px\" \/><\/a><\/span><\/p>\n<p style=\"margin: 0cm 0cm 0.0001pt; padding-left: 90px;\"><span style=\"color: #999999;\">Les cours sont dispens\u00e9s\u00a0 \u00a0 \u00a0 \u00a0 \u00a0 \u00a0 \u00a0 \u00a0 \u00a0 \u00a0 \u00a0 \u00a0 \u00a0 \u00a0 \u00a0 \u00a0 \u00a0 \u00a0 \u00a0 \u00a0 \u00a0 \u00a0 \u00a0<\/span><\/p>\n<p style=\"margin: 0cm 0cm 0.0001pt; font-variant-ligatures: normal; font-variant-caps: normal; orphans: 2; text-align: start; widows: 2; -webkit-text-stroke-width: 0px; word-spacing: 0px; padding-left: 30px;\"><span style=\"font-size: 11.5pt; font-family: Helvetica, sans-serif; color: #999999;\">\u00e0 la salle d&rsquo;arts martiaux<\/span><\/p>\n<p style=\"margin: 0cm 0cm 0.0001pt; font-variant-ligatures: normal; font-variant-caps: normal; orphans: 2; text-align: start; widows: 2; -webkit-text-stroke-width: 0px; word-spacing: 0px; padding-left: 30px;\"><span style=\"font-size: 11.5pt; font-family: Helvetica, sans-serif; color: #999999;\">situ\u00e9e au 1er \u00e9tage du b\u00e2timent\u00a0 \u00a0<\/span><\/p>\n<h2><\/h2>\n<hr \/>\n<h2><span class=\"Apple-style-span\" style=\"font-size: 20px; font-weight: bold;\"><span style=\"color: #e3a229;\"><span style=\"color: #d62929;\">Keiko&#8230;<\/span><\/span><\/span><\/h2>\n<div style=\"width: 584px;\" class=\"wp-video\"><!--[if lt IE 9]><script>document.createElement('video');<\/script><![endif]-->\n<video class=\"wp-video-shortcode\" id=\"video-8-1\" width=\"584\" height=\"328\" poster=\"https:\/\/aikidojo.fr\/liffre\/wp-content\/uploads\/2019\/11\/Capture.jpg\" preload=\"metadata\" controls=\"controls\"><source type=\"video\/mp4\" src=\"https:\/\/aikidojo.fr\/liffre\/wp-content\/uploads\/2020\/01\/BA-dojo.mp4?_=1\" \/><a href=\"https:\/\/aikidojo.fr\/liffre\/wp-content\/uploads\/2020\/01\/BA-dojo.mp4\">https:\/\/aikidojo.fr\/liffre\/wp-content\/uploads\/2020\/01\/BA-dojo.mp4<\/a><\/video><\/div>\n<h2><\/h2>\n<h2><\/h2>\n<hr \/>\n<h2><span style=\"color: #d62929; font-size: 20px;\"><strong><span class=\"Apple-style-span\">Planning des cours et \u00e9v\u00e8nements 2025\/2026<\/span><\/strong><\/span><\/h2>\n<p><a href=\"https:\/\/aikidojo.fr\/liffre\/wp-content\/uploads\/2025\/11\/Planning-des-cours-2025-2026-DLA.pdf\" target=\"_blank\" rel=\"noopener noreferrer\"><img loading=\"lazy\" decoding=\"async\" class=\"alignleft wp-image-7270\" src=\"https:\/\/aikidojo.fr\/liffre\/wp-content\/uploads\/2019\/11\/cache_52981818.gif\" alt=\"\" width=\"271\" height=\"198\" \/><\/a><\/p>\n<h2><\/h2>\n<p><a href=\"#\"><img loading=\"lazy\" decoding=\"async\" class=\"alignright wp-image-184\" src=\"http:\/\/martinporet.files.wordpress.com\/2014\/08\/fleche_haut_gris.png\" alt=\"Retour vers le haut\" width=\"32\" height=\"32\" \/><\/a><\/p>\n","protected":false},"excerpt":{"rendered":"<p>Retrouvez les informations relatives aux cours :\u00a0\u00a0 Saison 2025-2026 Nous sommes toujours tr\u00e8s heureux de pouvoir accueillir de nouveaux membres et pratiquants ! Si vous souhaitez nous rejoindre, n&rsquo;h\u00e9sitez pas \u00e0 venir nous rencontrer au Dojo du Complexe Sportif Jules &hellip; <a href=\"https:\/\/aikidojo.fr\/liffre\/pratiquer\/\">Continuer la lecture <span class=\"meta-nav\">&rarr;<\/span><\/a><\/p>\n","protected":false},"author":3,"featured_media":5289,"parent":0,"menu_order":3,"comment_status":"open","ping_status":"closed","template":"","meta":{"_monsterinsights_skip_tracking":false,"_monsterinsights_sitenote_active":false,"_monsterinsights_sitenote_note":"","_monsterinsights_sitenote_category":0,"footnotes":""},"class_list":["post-8","page","type-page","status-publish","has-post-thumbnail","hentry"],"_links":{"self":[{"href":"https:\/\/aikidojo.fr\/liffre\/wp-json\/wp\/v2\/pages\/8","targetHints":{"allow":["GET"]}}],"collection":[{"href":"https:\/\/aikidojo.fr\/liffre\/wp-json\/wp\/v2\/pages"}],"about":[{"href":"https:\/\/aikidojo.fr\/liffre\/wp-json\/wp\/v2\/types\/page"}],"author":[{"embeddable":true,"href":"https:\/\/aikidojo.fr\/liffre\/wp-json\/wp\/v2\/users\/3"}],"replies":[{"embeddable":true,"href":"https:\/\/aikidojo.fr\/liffre\/wp-json\/wp\/v2\/comments?post=8"}],"version-history":[{"count":6,"href":"https:\/\/aikidojo.fr\/liffre\/wp-json\/wp\/v2\/pages\/8\/revisions"}],"predecessor-version":[{"id":10972,"href":"https:\/\/aikidojo.fr\/liffre\/wp-json\/wp\/v2\/pages\/8\/revisions\/10972"}],"wp:featuredmedia":[{"embeddable":true,"href":"https:\/\/aikidojo.fr\/liffre\/wp-json\/wp\/v2\/media\/5289"}],"wp:attachment":[{"href":"https:\/\/aikidojo.fr\/liffre\/wp-json\/wp\/v2\/media?parent=8"}],"curies":[{"name":"wp","href":"https:\/\/api.w.org\/{rel}","templated":true}]}}